{"id":22775,"date":"2025-06-04T10:07:29","date_gmt":"2025-06-04T10:07:29","guid":{"rendered":"http:\/\/zwm.xqj.mybluehost.me\/?page_id=22775"},"modified":"2025-11-23T23:47:11","modified_gmt":"2025-11-23T23:47:11","slug":"speaking","status":"publish","type":"page","link":"https:\/\/ostrategies.ca\/fr\/services\/speaking\/","title":{"rendered":"Conf\u00e9rence"},"content":{"rendered":"<div class=\"wpb-content-wrapper\"><section data-vc-full-width=\"true\" data-vc-full-width-init=\"false\" class=\"vc_row wpb_row vc_row-fluid  vc_custom_1755729898883 wow fadeIn vc_row-has-fill pofo-stretch-content pofo-stretch-row-container\"><div class=\"wpb_column vc_column_container vc_col-sm-12  col-xs-mobile-fullwidth\"><div class=\"vc_column-inner\"><div class=\"wpb_wrapper\"><div class=\"vc_row wpb_row vc_inner vc_row-fluid  vc_custom_1755729392032\"><div class=\"wpb_column vc_column_container vc_col-sm-6  col-xs-mobile-fullwidth\"><div class=\"vc_column-inner\"><div class=\"wpb_wrapper\">\n\t<div  class=\"wpb_single_image wpb_content_element vc_align_left wpb_content_element vc_custom_1752821106768\">\n\t\t\n\t\t<figure class=\"wpb_wrapper vc_figure\">\n\t\t\t<div class=\"vc_single_image-wrapper   vc_box_border_grey\"><img loading=\"lazy\" decoding=\"async\" width=\"900\" height=\"650\" src=\"https:\/\/ostrategies.ca\/wp-content\/uploads\/2025\/07\/Speaking_Services_Single.webp\" class=\"vc_single_image-img attachment-large\" alt=\"\" title=\"Speaking_Services_Single\" srcset=\"https:\/\/ostrategies.ca\/wp-content\/uploads\/2025\/07\/Speaking_Services_Single.webp 900w, https:\/\/ostrategies.ca\/wp-content\/uploads\/2025\/07\/Speaking_Services_Single-300x217.webp 300w, https:\/\/ostrategies.ca\/wp-content\/uploads\/2025\/07\/Speaking_Services_Single-768x555.webp 768w, https:\/\/ostrategies.ca\/wp-content\/uploads\/2025\/07\/Speaking_Services_Single-18x12.webp 18w, https:\/\/ostrategies.ca\/wp-content\/uploads\/2025\/07\/Speaking_Services_Single-120x87.webp 120w, https:\/\/ostrategies.ca\/wp-content\/uploads\/2025\/07\/Speaking_Services_Single-81x59.webp 81w\" sizes=\"auto, (max-width: 900px) 100vw, 900px\" \/><\/div>\n\t\t<\/figure>\n\t<\/div>\n<\/div><\/div><\/div><div class=\"wpb_column vc_column_container vc_col-sm-6  col-xs-mobile-fullwidth\"><div class=\"vc_column-inner\"><div class=\"wpb_wrapper\"><div style=\"font-size: 30px;color: #E07A5F;text-align: left\" class=\"vc_custom_heading vc_do_custom_heading weight vc_custom_1755884153417\" >Myriane Ouellette<\/div><h3 style=\"font-size: 15px;color: #303633;line-height: 1.1;text-align: left\" class=\"vc_custom_heading vc_do_custom_heading vc_custom_1755728625677\" >Conf\u00e9rences principales et ateliers<\/h3><div class=\"vc_custom_1761162128227 last-paragraph-no-margin\" style=\"color: #6F6F6F;\"><p>Myriane Ouellette est une conf\u00e9renci\u00e8re prim\u00e9e, strat\u00e8ge et facilitatrice qui aide les leaders et les \u00e9quipes \u00e0 naviguer le changement avec confiance, b\u00e2tir la r\u00e9silience et s\u2019aligner autour d\u2019une vision commune. En tant que fondatrice et PDG de O Strat\u00e9gies, elle accompagne des organisations \u00e0 travers le Canada pour transformer l\u2019incertitude en opportunit\u00e9, notamment dans les secteurs de l\u2019immigration, de la sant\u00e9, de l\u2019\u00e9ducation et du d\u00e9veloppement communautaire.<\/p>\n<p>Myriane se sp\u00e9cialise dans l\u2019accompagnement des \u00e9quipes de direction pour clarifier leur vision, mobiliser leurs collaborateurs et cr\u00e9er des environnements de travail o\u00f9 le changement devient une opportunit\u00e9 plut\u00f4t qu\u2019un obstacle. Elle aide les organisations \u00e0 surmonter la r\u00e9sistance, briser les silos et renforcer la collaboration, permettant ainsi aux \u00e9quipes de s\u2019adapter, d\u2019\u00e9voluer et de prosp\u00e9rer, quelle que soit la complexit\u00e9 des d\u00e9fis qu\u2019elles rencontrent.<\/p>\n<p>En tant que conf\u00e9renci\u00e8re recherch\u00e9e et leader d\u2019opinion, Myriane livre des interventions \u00e9nergisantes et inspirantes, qui poussent son audience \u00e0 l\u2019action. Qu\u2019elle travaille avec des \u00e9quipes corporatives, des organismes \u00e0 but non lucratif ou des leaders communautaires, elle outille ses participants avec l\u2019\u00e9tat d\u2019esprit et les strat\u00e9gies n\u00e9cessaires pour b\u00e2tir des \u00e9quipes solides, adaptatives et pr\u00eates pour l\u2019avenir.<\/p>\n<p><strong>Invitez Myriane Ouellette - Conf\u00e9renci\u00e8re. Strat\u00e8ge. Catalyseure de changement.<\/strong><\/p>\n<\/div><a  href=\"https:\/\/ostrategies.ca\/fr\/contact-us\/\" target=\"_blank\" class=\"btn pofo-button-1 button-style5  btn-dark-gray btn-rounded  btn-small   vc_custom_1763941628768\" ><i class=\"icon-very-small  margin-5px-right no-margin-left\" aria-hidden=\"true\"><\/i>Contactez-nous<\/a>\n\t<div class=\"wpb_raw_code wpb_raw_html wpb_content_element\" >\n\t\t<div class=\"wpb_wrapper\">\n\t\t\t<style type=\"text\/css\" data-type=\"vc_shortcodes-custom-css\">.vc_custom_1755729898883{padding-top: 50px !important;padding-bottom: 50px !important;background-color: #F6F4ED !important;}.vc_custom_1755729392032{margin-bottom: 50px !important;}.vc_custom_1754487561953{margin-bottom: 20px !important;}.vc_custom_1755730264419{margin-bottom: 50px !important;}.vc_custom_1752821106768{border-radius: 20px !important;}.vc_custom_1755884153417{margin-bottom: 12px !important;}.vc_custom_1755728625677{margin-bottom: 24px !important;}.vc_custom_1755730042496{padding-bottom: 10px !important;}.vc_custom_1754490091687{margin-top: 30px !important;}<\/style>\n\t\t<\/div>\n\t<\/div>\n<\/div><\/div><\/div><\/div><div class=\"vc_empty_space\"   style=\"height: 30px\"><span class=\"vc_empty_space_inner\"><\/span><\/div><div class=\"vc_row wpb_row vc_inner vc_row-fluid  vc_custom_1755730264419 vc_row-o-equal-height vc_row-flex\"><div class=\"wpb_column vc_column_container vc_col-sm-3  col-xs-mobile-fullwidth\"><div class=\"vc_column-inner\"><div class=\"wpb_wrapper\"><div class=\"bg-white service-title featurebox34 pofo-featurebox featurebox34-1\" ><img loading=\"lazy\" decoding=\"async\" src=\"https:\/\/ostrategies.ca\/wp-content\/uploads\/2025\/08\/485142498_1421376222522214_2433694132511074504_n.webp\" width=\"2048\" height=\"1365\"  alt=\"\" srcset=\"https:\/\/ostrategies.ca\/wp-content\/uploads\/2025\/08\/485142498_1421376222522214_2433694132511074504_n.webp 2048w, https:\/\/ostrategies.ca\/wp-content\/uploads\/2025\/08\/485142498_1421376222522214_2433694132511074504_n-300x200.webp 300w, https:\/\/ostrategies.ca\/wp-content\/uploads\/2025\/08\/485142498_1421376222522214_2433694132511074504_n-1024x683.webp 1024w, https:\/\/ostrategies.ca\/wp-content\/uploads\/2025\/08\/485142498_1421376222522214_2433694132511074504_n-768x512.webp 768w, https:\/\/ostrategies.ca\/wp-content\/uploads\/2025\/08\/485142498_1421376222522214_2433694132511074504_n-1536x1024.webp 1536w, https:\/\/ostrategies.ca\/wp-content\/uploads\/2025\/08\/485142498_1421376222522214_2433694132511074504_n-18x12.webp 18w, https:\/\/ostrategies.ca\/wp-content\/uploads\/2025\/08\/485142498_1421376222522214_2433694132511074504_n-1157x771.webp 1157w, https:\/\/ostrategies.ca\/wp-content\/uploads\/2025\/08\/485142498_1421376222522214_2433694132511074504_n-120x80.webp 120w, https:\/\/ostrategies.ca\/wp-content\/uploads\/2025\/08\/485142498_1421376222522214_2433694132511074504_n-81x54.webp 81w\" sizes=\"auto, (max-width: 2048px) 100vw, 2048px\" class=\"icon-image\"\/><div class=\"padding-45px-all sm-padding-15px-all inner-match-height\"><span class=\"text-extra-dark-gray font-weight-600 display-block alt-font margin-10px-bottom\" style=\"line-height: 1.2;\" data-lineheight=\"1.2\">B\u00e2tir des \u00e9quipes r\u00e9silientes en p\u00e9riode de changement<\/span><div class=\"last-paragraph-no-margin\"><p>Donnez \u00e0 votre \u00e9quipe les moyens de s\u2019\u00e9panouir en p\u00e9riode de bouleversement. D\u00e9couvrez des outils concrets pour renforcer la capacit\u00e9 d\u2019adaptation, b\u00e2tir la confiance et transformer les d\u00e9fis en occasions de croissance.<\/p>\n<\/div><\/div><\/div><\/div><\/div><\/div><div class=\"wpb_column vc_column_container vc_col-sm-3  col-xs-mobile-fullwidth\"><div class=\"vc_column-inner\"><div class=\"wpb_wrapper\"><div class=\"bg-white service-title featurebox34 pofo-featurebox featurebox34-2\" ><img loading=\"lazy\" decoding=\"async\" src=\"https:\/\/ostrategies.ca\/wp-content\/uploads\/2025\/08\/O-Strategie-May_24-58-scaled.webp\" width=\"2560\" height=\"1703\"  alt=\"\" srcset=\"https:\/\/ostrategies.ca\/wp-content\/uploads\/2025\/08\/O-Strategie-May_24-58-scaled.webp 2560w, https:\/\/ostrategies.ca\/wp-content\/uploads\/2025\/08\/O-Strategie-May_24-58-300x200.webp 300w, https:\/\/ostrategies.ca\/wp-content\/uploads\/2025\/08\/O-Strategie-May_24-58-1024x681.webp 1024w, https:\/\/ostrategies.ca\/wp-content\/uploads\/2025\/08\/O-Strategie-May_24-58-768x511.webp 768w, https:\/\/ostrategies.ca\/wp-content\/uploads\/2025\/08\/O-Strategie-May_24-58-1536x1022.webp 1536w, https:\/\/ostrategies.ca\/wp-content\/uploads\/2025\/08\/O-Strategie-May_24-58-2048x1363.webp 2048w, https:\/\/ostrategies.ca\/wp-content\/uploads\/2025\/08\/O-Strategie-May_24-58-18x12.webp 18w, https:\/\/ostrategies.ca\/wp-content\/uploads\/2025\/08\/O-Strategie-May_24-58-1159x771.webp 1159w, https:\/\/ostrategies.ca\/wp-content\/uploads\/2025\/08\/O-Strategie-May_24-58-120x80.webp 120w, https:\/\/ostrategies.ca\/wp-content\/uploads\/2025\/08\/O-Strategie-May_24-58-81x54.webp 81w\" sizes=\"auto, (max-width: 2560px) 100vw, 2560px\" class=\"icon-image\"\/><div class=\"padding-45px-all sm-padding-15px-all inner-match-height\"><span class=\"text-extra-dark-gray font-weight-600 display-block alt-font margin-10px-bottom\" style=\"line-height: 1.2;\" data-lineheight=\"1.2\">Leadership inclusif et prospective strat\u00e9gique<\/span><div class=\"last-paragraph-no-margin\"><p>Dirigez avec vision et inclusion. D\u00e9couvrez comment la diversit\u00e9 des perspectives stimule l\u2019innovation et comment anticiper le changement avec confiance pour assurer une r\u00e9ussite durable.<\/p>\n<\/div><\/div><\/div><\/div><\/div><\/div><div class=\"wpb_column vc_column_container vc_col-sm-3  col-xs-mobile-fullwidth\"><div class=\"vc_column-inner\"><div class=\"wpb_wrapper\"><div class=\"bg-white service-title featurebox34 pofo-featurebox featurebox34-3\" ><img loading=\"lazy\" decoding=\"async\" src=\"https:\/\/ostrategies.ca\/wp-content\/uploads\/2025\/08\/O-Strategie-May_24-61-scaled.webp\" width=\"2560\" height=\"1703\"  alt=\"\" srcset=\"https:\/\/ostrategies.ca\/wp-content\/uploads\/2025\/08\/O-Strategie-May_24-61-scaled.webp 2560w, https:\/\/ostrategies.ca\/wp-content\/uploads\/2025\/08\/O-Strategie-May_24-61-300x200.webp 300w, https:\/\/ostrategies.ca\/wp-content\/uploads\/2025\/08\/O-Strategie-May_24-61-1024x681.webp 1024w, https:\/\/ostrategies.ca\/wp-content\/uploads\/2025\/08\/O-Strategie-May_24-61-768x511.webp 768w, https:\/\/ostrategies.ca\/wp-content\/uploads\/2025\/08\/O-Strategie-May_24-61-1536x1022.webp 1536w, https:\/\/ostrategies.ca\/wp-content\/uploads\/2025\/08\/O-Strategie-May_24-61-2048x1363.webp 2048w, https:\/\/ostrategies.ca\/wp-content\/uploads\/2025\/08\/O-Strategie-May_24-61-18x12.webp 18w, https:\/\/ostrategies.ca\/wp-content\/uploads\/2025\/08\/O-Strategie-May_24-61-1159x771.webp 1159w, https:\/\/ostrategies.ca\/wp-content\/uploads\/2025\/08\/O-Strategie-May_24-61-120x80.webp 120w, https:\/\/ostrategies.ca\/wp-content\/uploads\/2025\/08\/O-Strategie-May_24-61-81x54.webp 81w\" sizes=\"auto, (max-width: 2560px) 100vw, 2560px\" class=\"icon-image\"\/><div class=\"padding-45px-all sm-padding-15px-all inner-match-height\"><span class=\"text-extra-dark-gray font-weight-600 display-block alt-font margin-10px-bottom\" style=\"line-height: 1.2;\" data-lineheight=\"1.2\">Changement syst\u00e9mique<\/span><div class=\"last-paragraph-no-margin\"><p>Les entrepreneur\u00b7e\u00b7s r\u00e9ussissent en voyant le syst\u00e8me dans son ensemble. Explorez des strat\u00e9gies pour naviguer dans l\u2019incertitude, rep\u00e9rer de nouvelles occasions et b\u00e2tir des entreprises durables.<\/p>\n<\/div><\/div><\/div><\/div><\/div><\/div><div class=\"wpb_column vc_column_container vc_col-sm-3  col-xs-mobile-fullwidth\"><div class=\"vc_column-inner\"><div class=\"wpb_wrapper\"><div class=\"bg-white service-title featurebox34 pofo-featurebox featurebox34-4\" ><img loading=\"lazy\" decoding=\"async\" src=\"https:\/\/ostrategies.ca\/wp-content\/uploads\/2025\/08\/Copy-of-FB803BE6-4324-481A-B056-EDC94672FC32_1_106_cc-e1755729295498.webp\" width=\"718\" height=\"478\"  alt=\"\" srcset=\"https:\/\/ostrategies.ca\/wp-content\/uploads\/2025\/08\/Copy-of-FB803BE6-4324-481A-B056-EDC94672FC32_1_106_cc-e1755729295498.webp 718w, https:\/\/ostrategies.ca\/wp-content\/uploads\/2025\/08\/Copy-of-FB803BE6-4324-481A-B056-EDC94672FC32_1_106_cc-e1755729295498-300x200.webp 300w, https:\/\/ostrategies.ca\/wp-content\/uploads\/2025\/08\/Copy-of-FB803BE6-4324-481A-B056-EDC94672FC32_1_106_cc-e1755729295498-18x12.webp 18w, https:\/\/ostrategies.ca\/wp-content\/uploads\/2025\/08\/Copy-of-FB803BE6-4324-481A-B056-EDC94672FC32_1_106_cc-e1755729295498-120x80.webp 120w, https:\/\/ostrategies.ca\/wp-content\/uploads\/2025\/08\/Copy-of-FB803BE6-4324-481A-B056-EDC94672FC32_1_106_cc-e1755729295498-81x54.webp 81w\" sizes=\"auto, (max-width: 718px) 100vw, 718px\" class=\"icon-image\"\/><div class=\"padding-45px-all sm-padding-15px-all inner-match-height\"><span class=\"text-extra-dark-gray font-weight-600 display-block alt-font margin-10px-bottom\" style=\"line-height: 1.2;\" data-lineheight=\"1.2\">Mod\u00e8les de d\u00e9veloppement communautaire<\/span><div class=\"last-paragraph-no-margin\"><p>Avan\u00e7ons ensemble vers un impact durable. D\u00e9couvrez des mod\u00e8les communautaires qui rassemble les communaut\u00e9s par l'entremise d'approches humaines qui met en valeur les ressources et brise les silos vers une vision commune.<\/p>\n<\/div><\/div><\/div><\/div><\/div><\/div><\/div><\/div><\/div><\/div><\/section><div class=\"vc_row-full-width vc_clearfix\"><\/div>\n<\/div>","protected":false},"excerpt":{"rendered":"Myriane OuelletteKeynote Speaking &amp; WorkshopsMyriane Ouellette is an award-winning speaker, strategist, and facilitator who helps leaders and teams navigate change with confidence, build resilience, and align around a shared vision. As the founder and CEO of O Strat\u00e9gies, she supports organizations across Canada in transforming uncertainty into opportunity\u2014particularly in immigration, health, education, and community development. She specializes in helping executive teams clarify their vision, engage their people, and create workplaces where change becomes an opportunity rather than an obstacle. Myriane helps organizations overcome resistance, break down silos, and strengthen collaboration so teams can adapt, evolve, and thrive no matter how complex the challenge. As a sought-after speaker and thought leader, Myriane delivers energizing presentations that inspire action. Whether working with corporate teams, nonprofits, or community leaders, she equips participants with the mindset and strategies needed to build strong, adaptive, future-ready teams. Invite Myriane Ouellette \u2013 Speaker. Strategist. Catalyst for Change. Let's Connect Building Resilient Teams in Times of ChangeEmpower your team to thrive during disruption. Learn practical tools to boost adaptability, build trust, and transform challenges into opportunities for growth. Inclusive Leadership &amp; Strategic ForesightLead with vision and inclusivity. Discover how diverse perspectives drive innovation and how to anticipate change...","protected":false},"author":1,"featured_media":0,"parent":3214,"menu_order":0,"comment_status":"closed","ping_status":"closed","template":"","meta":{"nf_dc_page":"","footnotes":""},"class_list":["post-22775","page","type-page","status-publish","hentry"],"yoast_head":"<!-- This site is optimized with the Yoast SEO plugin v27.3 - https:\/\/yoast.com\/product\/yoast-seo-wordpress\/ -->\n<title>Speaking | O Strategies<\/title>\n<meta name=\"robots\" content=\"index, follow, max-snippet:-1, max-image-preview:large, max-video-preview:-1\" \/>\n<link rel=\"canonical\" href=\"https:\/\/ostrategies.ca\/fr\/services\/speaking\/\" \/>\n<meta property=\"og:locale\" content=\"fr_FR\" \/>\n<meta property=\"og:type\" content=\"article\" \/>\n<meta property=\"og:title\" content=\"Speaking | O Strategies\" \/>\n<meta property=\"og:url\" content=\"https:\/\/ostrategies.ca\/fr\/services\/speaking\/\" \/>\n<meta property=\"og:site_name\" content=\"O Strategies\" \/>\n<meta property=\"article:publisher\" content=\"https:\/\/www.facebook.com\/OStrategies\" \/>\n<meta property=\"article:modified_time\" content=\"2025-11-23T23:47:11+00:00\" \/>\n<meta property=\"og:image\" content=\"https:\/\/ostrategies.ca\/wp-content\/uploads\/2025\/08\/O-Strategie-May24-80-scaled.webp\" \/>\n\t<meta property=\"og:image:width\" content=\"2560\" \/>\n\t<meta property=\"og:image:height\" content=\"1707\" \/>\n\t<meta property=\"og:image:type\" content=\"image\/webp\" \/>\n<meta name=\"twitter:card\" content=\"summary_large_image\" \/>\n<meta name=\"twitter:label1\" content=\"Dur\u00e9e de lecture estim\u00e9e\" \/>\n\t<meta name=\"twitter:data1\" content=\"5 minutes\" \/>\n<script type=\"application\/ld+json\" class=\"yoast-schema-graph\">{\"@context\":\"https:\\\/\\\/schema.org\",\"@graph\":[{\"@type\":\"WebPage\",\"@id\":\"https:\\\/\\\/ostrategies.ca\\\/services\\\/speaking\\\/\",\"url\":\"https:\\\/\\\/ostrategies.ca\\\/services\\\/speaking\\\/\",\"name\":\"Speaking | O Strategies\",\"isPartOf\":{\"@id\":\"https:\\\/\\\/ostrategies.ca\\\/#website\"},\"datePublished\":\"2025-06-04T10:07:29+00:00\",\"dateModified\":\"2025-11-23T23:47:11+00:00\",\"breadcrumb\":{\"@id\":\"https:\\\/\\\/ostrategies.ca\\\/services\\\/speaking\\\/#breadcrumb\"},\"inLanguage\":\"fr-FR\",\"potentialAction\":[{\"@type\":\"ReadAction\",\"target\":[\"https:\\\/\\\/ostrategies.ca\\\/services\\\/speaking\\\/\"]}]},{\"@type\":\"BreadcrumbList\",\"@id\":\"https:\\\/\\\/ostrategies.ca\\\/services\\\/speaking\\\/#breadcrumb\",\"itemListElement\":[{\"@type\":\"ListItem\",\"position\":1,\"name\":\"Home\",\"item\":\"https:\\\/\\\/ostrategies.ca\\\/\"},{\"@type\":\"ListItem\",\"position\":2,\"name\":\"Our Services\",\"item\":\"https:\\\/\\\/ostrategies.ca\\\/services\\\/\"},{\"@type\":\"ListItem\",\"position\":3,\"name\":\"Speaking\"}]},{\"@type\":\"WebSite\",\"@id\":\"https:\\\/\\\/ostrategies.ca\\\/#website\",\"url\":\"https:\\\/\\\/ostrategies.ca\\\/\",\"name\":\"O Strategies\",\"description\":\"Strategy and organizational development for impact-driven organizations\",\"publisher\":{\"@id\":\"https:\\\/\\\/ostrategies.ca\\\/#organization\"},\"potentialAction\":[{\"@type\":\"SearchAction\",\"target\":{\"@type\":\"EntryPoint\",\"urlTemplate\":\"https:\\\/\\\/ostrategies.ca\\\/?s={search_term_string}\"},\"query-input\":{\"@type\":\"PropertyValueSpecification\",\"valueRequired\":true,\"valueName\":\"search_term_string\"}}],\"inLanguage\":\"fr-FR\"},{\"@type\":\"Organization\",\"@id\":\"https:\\\/\\\/ostrategies.ca\\\/#organization\",\"name\":\"O Strategies\",\"url\":\"https:\\\/\\\/ostrategies.ca\\\/\",\"logo\":{\"@type\":\"ImageObject\",\"inLanguage\":\"fr-FR\",\"@id\":\"https:\\\/\\\/ostrategies.ca\\\/#\\\/schema\\\/logo\\\/image\\\/\",\"url\":\"https:\\\/\\\/ostrategies.ca\\\/wp-content\\\/uploads\\\/2026\\\/04\\\/O-Strategies-jaune-transparent.webp\",\"contentUrl\":\"https:\\\/\\\/ostrategies.ca\\\/wp-content\\\/uploads\\\/2026\\\/04\\\/O-Strategies-jaune-transparent.webp\",\"width\":1801,\"height\":390,\"caption\":\"O Strategies\"},\"image\":{\"@id\":\"https:\\\/\\\/ostrategies.ca\\\/#\\\/schema\\\/logo\\\/image\\\/\"},\"sameAs\":[\"https:\\\/\\\/www.facebook.com\\\/OStrategies\",\"https:\\\/\\\/www.instagram.com\\\/ostrategies\\\/\",\"https:\\\/\\\/www.linkedin.com\\\/company\\\/ostrategies\\\/posts\\\/?feedView=all\"]}]}<\/script>\n<!-- \/ Yoast SEO plugin. -->","yoast_head_json":{"title":"Speaking | O Strategies","robots":{"index":"index","follow":"follow","max-snippet":"max-snippet:-1","max-image-preview":"max-image-preview:large","max-video-preview":"max-video-preview:-1"},"canonical":"https:\/\/ostrategies.ca\/fr\/services\/speaking\/","og_locale":"fr_FR","og_type":"article","og_title":"Speaking | O Strategies","og_url":"https:\/\/ostrategies.ca\/fr\/services\/speaking\/","og_site_name":"O Strategies","article_publisher":"https:\/\/www.facebook.com\/OStrategies","article_modified_time":"2025-11-23T23:47:11+00:00","og_image":[{"width":2560,"height":1707,"url":"https:\/\/ostrategies.ca\/wp-content\/uploads\/2025\/08\/O-Strategie-May24-80-scaled.webp","type":"image\/webp"}],"twitter_card":"summary_large_image","twitter_misc":{"Dur\u00e9e de lecture estim\u00e9e":"5 minutes"},"schema":{"@context":"https:\/\/schema.org","@graph":[{"@type":"WebPage","@id":"https:\/\/ostrategies.ca\/services\/speaking\/","url":"https:\/\/ostrategies.ca\/services\/speaking\/","name":"Speaking | O Strategies","isPartOf":{"@id":"https:\/\/ostrategies.ca\/#website"},"datePublished":"2025-06-04T10:07:29+00:00","dateModified":"2025-11-23T23:47:11+00:00","breadcrumb":{"@id":"https:\/\/ostrategies.ca\/services\/speaking\/#breadcrumb"},"inLanguage":"fr-FR","potentialAction":[{"@type":"ReadAction","target":["https:\/\/ostrategies.ca\/services\/speaking\/"]}]},{"@type":"BreadcrumbList","@id":"https:\/\/ostrategies.ca\/services\/speaking\/#breadcrumb","itemListElement":[{"@type":"ListItem","position":1,"name":"Home","item":"https:\/\/ostrategies.ca\/"},{"@type":"ListItem","position":2,"name":"Our Services","item":"https:\/\/ostrategies.ca\/services\/"},{"@type":"ListItem","position":3,"name":"Speaking"}]},{"@type":"WebSite","@id":"https:\/\/ostrategies.ca\/#website","url":"https:\/\/ostrategies.ca\/","name":"O Strategies","description":"Strategy and organizational development for impact-driven organizations","publisher":{"@id":"https:\/\/ostrategies.ca\/#organization"},"potentialAction":[{"@type":"SearchAction","target":{"@type":"EntryPoint","urlTemplate":"https:\/\/ostrategies.ca\/?s={search_term_string}"},"query-input":{"@type":"PropertyValueSpecification","valueRequired":true,"valueName":"search_term_string"}}],"inLanguage":"fr-FR"},{"@type":"Organization","@id":"https:\/\/ostrategies.ca\/#organization","name":"O Strategies","url":"https:\/\/ostrategies.ca\/","logo":{"@type":"ImageObject","inLanguage":"fr-FR","@id":"https:\/\/ostrategies.ca\/#\/schema\/logo\/image\/","url":"https:\/\/ostrategies.ca\/wp-content\/uploads\/2026\/04\/O-Strategies-jaune-transparent.webp","contentUrl":"https:\/\/ostrategies.ca\/wp-content\/uploads\/2026\/04\/O-Strategies-jaune-transparent.webp","width":1801,"height":390,"caption":"O Strategies"},"image":{"@id":"https:\/\/ostrategies.ca\/#\/schema\/logo\/image\/"},"sameAs":["https:\/\/www.facebook.com\/OStrategies","https:\/\/www.instagram.com\/ostrategies\/","https:\/\/www.linkedin.com\/company\/ostrategies\/posts\/?feedView=all"]}]}},"_links":{"self":[{"href":"https:\/\/ostrategies.ca\/fr\/wp-json\/wp\/v2\/pages\/22775","targetHints":{"allow":["GET"]}}],"collection":[{"href":"https:\/\/ostrategies.ca\/fr\/wp-json\/wp\/v2\/pages"}],"about":[{"href":"https:\/\/ostrategies.ca\/fr\/wp-json\/wp\/v2\/types\/page"}],"author":[{"embeddable":true,"href":"https:\/\/ostrategies.ca\/fr\/wp-json\/wp\/v2\/users\/1"}],"replies":[{"embeddable":true,"href":"https:\/\/ostrategies.ca\/fr\/wp-json\/wp\/v2\/comments?post=22775"}],"version-history":[{"count":21,"href":"https:\/\/ostrategies.ca\/fr\/wp-json\/wp\/v2\/pages\/22775\/revisions"}],"predecessor-version":[{"id":23693,"href":"https:\/\/ostrategies.ca\/fr\/wp-json\/wp\/v2\/pages\/22775\/revisions\/23693"}],"up":[{"embeddable":true,"href":"https:\/\/ostrategies.ca\/fr\/wp-json\/wp\/v2\/pages\/3214"}],"wp:attachment":[{"href":"https:\/\/ostrategies.ca\/fr\/wp-json\/wp\/v2\/media?parent=22775"}],"curies":[{"name":"wp","href":"https:\/\/api.w.org\/{rel}","templated":true}]}}