{"id":22777,"date":"2025-06-04T10:08:09","date_gmt":"2025-06-04T10:08:09","guid":{"rendered":"http:\/\/zwm.xqj.mybluehost.me\/?page_id=22777"},"modified":"2025-11-23T23:50:02","modified_gmt":"2025-11-23T23:50:02","slug":"consulting","status":"publish","type":"page","link":"https:\/\/ostrategies.ca\/fr\/services\/consulting\/","title":{"rendered":"Consultation"},"content":{"rendered":"<div class=\"wpb-content-wrapper\"><section data-vc-full-width=\"true\" data-vc-full-width-init=\"false\" class=\"vc_row wpb_row vc_row-fluid  vc_custom_1755729991271 wow fadeIn vc_row-has-fill pofo-stretch-content pofo-stretch-row-container\"><div class=\"wpb_column vc_column_container vc_col-sm-12  col-xs-mobile-fullwidth\"><div class=\"vc_column-inner\"><div class=\"wpb_wrapper\"><div class=\"vc_row wpb_row vc_inner vc_row-fluid  vc_custom_1755729981740\"><div class=\"wpb_column vc_column_container vc_col-sm-6  col-xs-mobile-fullwidth\"><div class=\"vc_column-inner\"><div class=\"wpb_wrapper\">\n\t<div  class=\"wpb_single_image wpb_content_element vc_align_left wpb_content_element vc_custom_1754487862492\">\n\t\t\n\t\t<figure class=\"wpb_wrapper vc_figure\">\n\t\t\t<div class=\"vc_single_image-wrapper   vc_box_border_grey\"><img loading=\"lazy\" decoding=\"async\" width=\"900\" height=\"650\" src=\"https:\/\/ostrategies.ca\/wp-content\/uploads\/2025\/08\/FConsulting_Services_Single.png\" class=\"vc_single_image-img attachment-large\" alt=\"\" title=\"Consulting_Services_Single\" srcset=\"https:\/\/ostrategies.ca\/wp-content\/uploads\/2025\/08\/FConsulting_Services_Single.png 900w, https:\/\/ostrategies.ca\/wp-content\/uploads\/2025\/08\/FConsulting_Services_Single-300x217.png 300w, https:\/\/ostrategies.ca\/wp-content\/uploads\/2025\/08\/FConsulting_Services_Single-768x555.png 768w, https:\/\/ostrategies.ca\/wp-content\/uploads\/2025\/08\/FConsulting_Services_Single-18x12.png 18w, https:\/\/ostrategies.ca\/wp-content\/uploads\/2025\/08\/FConsulting_Services_Single-120x87.png 120w, https:\/\/ostrategies.ca\/wp-content\/uploads\/2025\/08\/FConsulting_Services_Single-81x59.png 81w\" sizes=\"auto, (max-width: 900px) 100vw, 900px\" \/><\/div>\n\t\t<\/figure>\n\t<\/div>\n<\/div><\/div><\/div><div class=\"wpb_column vc_column_container vc_col-sm-6  col-xs-mobile-fullwidth\"><div class=\"vc_column-inner\"><div class=\"wpb_wrapper\">\n\t<div class=\"wpb_raw_code wpb_raw_html wpb_content_element\" >\n\t\t<div class=\"wpb_wrapper\">\n\t\t\t<style type=\"text\/css\" data-type=\"vc_shortcodes-custom-css\">.vc_custom_1755729991271{padding-top: 50px !important;background-color: #F6F4ED !important;}.vc_custom_1755729981740{margin-bottom: 50px !important;}.vc_custom_1747857513290{margin-bottom: 50px !important;}.vc_custom_1754487862492{border-radius: 20px !important;}.vc_custom_1754488026356{margin-bottom: 12px !important;}.vc_custom_1755729965985{margin-bottom: 24px !important;}.vc_custom_1754490091687{margin-top: 30px !important;}<\/style>\n\t\t<\/div>\n\t<\/div>\n<div style=\"font-size: 30px;color: #E07A5F;line-height: 30px;text-align: left\" class=\"vc_custom_heading vc_do_custom_heading weight vc_custom_1754488026356\" >Strat\u00e9gie organisationnelle &amp; transformation<\/div><h3 style=\"font-size: 15px;color: #303633;line-height: 1.1;text-align: left\" class=\"vc_custom_heading vc_do_custom_heading vc_custom_1755729965985\" >Des outils simples pour des enjeux complexes.<\/h3><div class=\"last-paragraph-no-margin\" style=\"color: #6F6F6F;\"><p><span style=\"font-weight: 400;\">O Strat\u00e9gies aide les organisaitons \u00e0 harmoniser leurs \u00e9quipes, leurs processus et leur raison d\u2019\u00eatre afin de multiplier leur impact.<\/span><\/p>\n<ul>\n<li style=\"font-weight: 400;\" aria-level=\"1\"><span style=\"font-weight: 400;\"><strong>Planification strat\u00e9gique \u2013<\/strong> Co-cr\u00e9ez des feuilles de route et ma\u00eetrisez des outils concrets qui inspirent l\u2019action et g\u00e9n\u00e8rent des r\u00e9sultats.<\/span><\/li>\n<li style=\"font-weight: 400;\" aria-level=\"1\"><span style=\"font-weight: 400;\"><strong>D\u00e9veloppement organisationnel \u2013<\/strong> Structurez votre culture et renforcez vos capacit\u00e9s pour assurer une croissance durable.<\/span><\/li>\n<li style=\"font-weight: 400;\" aria-level=\"1\"><span style=\"font-weight: 400;\"><strong>D\u00e9veloppement et mobilisation communautaire \u2013<\/strong> Concevez des strat\u00e9gies inclusives par, pour et avec les communaut\u00e9s.<\/span><\/li>\n<\/ul>\n<p><span style=\"font-weight: 400;\">\u2192 <\/span><i><span style=\"font-weight: 400;\">Nous sommes sp\u00e9cialis\u00e9s en collaboration intersectorielle, syst\u00e8mes publics et entreprises sociales.<\/span><\/i><\/p>\n<\/div><a  href=\"https:\/\/ostrategies.ca\/fr\/contact-us\/\" target=\"_blank\" class=\"btn pofo-button-1 button-style5  btn-dark-gray btn-rounded  btn-small   vc_custom_1763941799850\" ><i class=\"icon-very-small  margin-5px-right no-margin-left\" aria-hidden=\"true\"><\/i>Contactez-nous<\/a><\/div><\/div><\/div><\/div><div class=\"vc_empty_space\"   style=\"height: 30px\"><span class=\"vc_empty_space_inner\"><\/span><\/div><div class=\"vc_row wpb_row vc_inner vc_row-fluid  vc_custom_1747857513290 vc_row-o-equal-height vc_row-flex\"><div class=\"wpb_column vc_column_container vc_col-sm-4  col-xs-mobile-fullwidth\"><div class=\"vc_column-inner\"><div class=\"wpb_wrapper\"><div class=\"bg-white service-title featurebox34 pofo-featurebox featurebox34-1\" ><img loading=\"lazy\" decoding=\"async\" src=\"https:\/\/ostrategies.ca\/wp-content\/uploads\/2025\/08\/O-Strategie-May24-56-scaled.webp\" width=\"2560\" height=\"1703\"  alt=\"\" srcset=\"https:\/\/ostrategies.ca\/wp-content\/uploads\/2025\/08\/O-Strategie-May24-56-scaled.webp 2560w, https:\/\/ostrategies.ca\/wp-content\/uploads\/2025\/08\/O-Strategie-May24-56-300x200.webp 300w, https:\/\/ostrategies.ca\/wp-content\/uploads\/2025\/08\/O-Strategie-May24-56-1024x681.webp 1024w, https:\/\/ostrategies.ca\/wp-content\/uploads\/2025\/08\/O-Strategie-May24-56-768x511.webp 768w, https:\/\/ostrategies.ca\/wp-content\/uploads\/2025\/08\/O-Strategie-May24-56-1536x1022.webp 1536w, https:\/\/ostrategies.ca\/wp-content\/uploads\/2025\/08\/O-Strategie-May24-56-2048x1363.webp 2048w, https:\/\/ostrategies.ca\/wp-content\/uploads\/2025\/08\/O-Strategie-May24-56-18x12.webp 18w, https:\/\/ostrategies.ca\/wp-content\/uploads\/2025\/08\/O-Strategie-May24-56-1159x771.webp 1159w, https:\/\/ostrategies.ca\/wp-content\/uploads\/2025\/08\/O-Strategie-May24-56-120x80.webp 120w, https:\/\/ostrategies.ca\/wp-content\/uploads\/2025\/08\/O-Strategie-May24-56-81x54.webp 81w\" sizes=\"auto, (max-width: 2560px) 100vw, 2560px\" class=\"icon-image\"\/><div class=\"padding-45px-all sm-padding-15px-all inner-match-height\"><span class=\"text-extra-dark-gray font-weight-600 display-block alt-font margin-10px-bottom\" style=\"line-height: 1.2;\" data-lineheight=\"1.2\">Planification strat\u00e9gique<\/span><div class=\"last-paragraph-no-margin\"><p style=\"text-align: center;\">Co-cr\u00e9ez des feuilles de route et ma\u00eetrisez des outils concrets qui inspirent l\u2019action et g\u00e9n\u00e8rent des r\u00e9sultats.<\/p>\n<\/div><\/div><\/div><\/div><\/div><\/div><div class=\"wpb_column vc_column_container vc_col-sm-4  col-xs-mobile-fullwidth\"><div class=\"vc_column-inner\"><div class=\"wpb_wrapper\"><div class=\"bg-white service-title featurebox34 pofo-featurebox featurebox34-2\" ><img loading=\"lazy\" decoding=\"async\" src=\"https:\/\/ostrategies.ca\/wp-content\/uploads\/2025\/08\/O-Strategie-May24-80-scaled.webp\" width=\"2560\" height=\"1707\"  alt=\"\" srcset=\"https:\/\/ostrategies.ca\/wp-content\/uploads\/2025\/08\/O-Strategie-May24-80-scaled.webp 2560w, https:\/\/ostrategies.ca\/wp-content\/uploads\/2025\/08\/O-Strategie-May24-80-300x200.webp 300w, https:\/\/ostrategies.ca\/wp-content\/uploads\/2025\/08\/O-Strategie-May24-80-1024x683.webp 1024w, https:\/\/ostrategies.ca\/wp-content\/uploads\/2025\/08\/O-Strategie-May24-80-768x512.webp 768w, https:\/\/ostrategies.ca\/wp-content\/uploads\/2025\/08\/O-Strategie-May24-80-1536x1024.webp 1536w, https:\/\/ostrategies.ca\/wp-content\/uploads\/2025\/08\/O-Strategie-May24-80-2048x1365.webp 2048w, https:\/\/ostrategies.ca\/wp-content\/uploads\/2025\/08\/O-Strategie-May24-80-18x12.webp 18w, https:\/\/ostrategies.ca\/wp-content\/uploads\/2025\/08\/O-Strategie-May24-80-1156x771.webp 1156w, https:\/\/ostrategies.ca\/wp-content\/uploads\/2025\/08\/O-Strategie-May24-80-120x80.webp 120w, https:\/\/ostrategies.ca\/wp-content\/uploads\/2025\/08\/O-Strategie-May24-80-81x54.webp 81w\" sizes=\"auto, (max-width: 2560px) 100vw, 2560px\" class=\"icon-image\"\/><div class=\"padding-45px-all sm-padding-15px-all inner-match-height\"><span class=\"text-extra-dark-gray font-weight-600 display-block alt-font margin-10px-bottom\" style=\"line-height: 1.2;\" data-lineheight=\"1.2\">D\u00e9veloppement organisationnel<\/span><div class=\"last-paragraph-no-margin\"><p style=\"text-align: center;\">Structurez votre culture et renforcez vos capacit\u00e9s pour assurer une croissance durable.<\/p>\n<\/div><\/div><\/div><\/div><\/div><\/div><div class=\"wpb_column vc_column_container vc_col-sm-4  col-xs-mobile-fullwidth\"><div class=\"vc_column-inner\"><div class=\"wpb_wrapper\"><div class=\"bg-white service-title featurebox34 pofo-featurebox featurebox34-3\" ><img loading=\"lazy\" decoding=\"async\" src=\"https:\/\/ostrategies.ca\/wp-content\/uploads\/2025\/09\/O-Strategie-May24-86-scaled.webp\" width=\"2560\" height=\"1707\"  alt=\"\" srcset=\"https:\/\/ostrategies.ca\/wp-content\/uploads\/2025\/09\/O-Strategie-May24-86-scaled.webp 2560w, https:\/\/ostrategies.ca\/wp-content\/uploads\/2025\/09\/O-Strategie-May24-86-300x200.webp 300w, https:\/\/ostrategies.ca\/wp-content\/uploads\/2025\/09\/O-Strategie-May24-86-1024x683.webp 1024w, https:\/\/ostrategies.ca\/wp-content\/uploads\/2025\/09\/O-Strategie-May24-86-768x512.webp 768w, https:\/\/ostrategies.ca\/wp-content\/uploads\/2025\/09\/O-Strategie-May24-86-1536x1024.webp 1536w, https:\/\/ostrategies.ca\/wp-content\/uploads\/2025\/09\/O-Strategie-May24-86-2048x1365.webp 2048w, https:\/\/ostrategies.ca\/wp-content\/uploads\/2025\/09\/O-Strategie-May24-86-18x12.webp 18w, https:\/\/ostrategies.ca\/wp-content\/uploads\/2025\/09\/O-Strategie-May24-86-1157x771.webp 1157w, https:\/\/ostrategies.ca\/wp-content\/uploads\/2025\/09\/O-Strategie-May24-86-120x80.webp 120w, https:\/\/ostrategies.ca\/wp-content\/uploads\/2025\/09\/O-Strategie-May24-86-81x54.webp 81w\" sizes=\"auto, (max-width: 2560px) 100vw, 2560px\" class=\"icon-image\"\/><div class=\"padding-45px-all sm-padding-15px-all inner-match-height\"><span class=\"text-extra-dark-gray font-weight-600 display-block alt-font margin-10px-bottom\" style=\"line-height: 1.2;\" data-lineheight=\"1.2\">Community Development & Engagement<\/span><div class=\"last-paragraph-no-margin\"><p style=\"text-align: center;\">Concevez des strat\u00e9gies inclusives par, pour et avec les communaut\u00e9s.<\/p>\n<\/div><\/div><\/div><\/div><\/div><\/div><\/div><\/div><\/div><\/div><\/section><div class=\"vc_row-full-width vc_clearfix\"><\/div>\n<\/div>","protected":false},"excerpt":{"rendered":"Organizational Strategy & TransformationSimple tools for complex problemsWe help organizations align their teams, processes, and purpose to scale impact Strategic Planning \u2013 Co-create roadmaps and master tools that inspire action and drive results. Organizational Development \u2013 Build structure, culture, and capacity for sustainable growth. Community Development &amp; Engagement \u2013 Design inclusive strategies for, by and with community \u2192 We specialize in cross-sector collaboration, public systems, and purpose-driven enterprises. Let's ConnectStrategic PlanningCo-create roadmaps and master tools that inspire action and drive results. Organizational DevelopmentBuild structure, culture, and capacity for sustainable growth. Community Development & EngagementDesign inclusive strategies for, by and with community","protected":false},"author":1,"featured_media":0,"parent":3214,"menu_order":0,"comment_status":"closed","ping_status":"closed","template":"","meta":{"nf_dc_page":"","footnotes":""},"class_list":["post-22777","page","type-page","status-publish","hentry"],"yoast_head":"<!-- This site is optimized with the Yoast SEO plugin v27.3 - https:\/\/yoast.com\/product\/yoast-seo-wordpress\/ -->\n<title>Consulting | O Strategies<\/title>\n<meta name=\"robots\" content=\"index, follow, max-snippet:-1, max-image-preview:large, max-video-preview:-1\" \/>\n<link rel=\"canonical\" href=\"https:\/\/ostrategies.ca\/fr\/services\/consulting\/\" \/>\n<meta property=\"og:locale\" content=\"fr_FR\" \/>\n<meta property=\"og:type\" content=\"article\" \/>\n<meta property=\"og:title\" content=\"Consulting | O Strategies\" \/>\n<meta property=\"og:url\" content=\"https:\/\/ostrategies.ca\/fr\/services\/consulting\/\" \/>\n<meta property=\"og:site_name\" content=\"O Strategies\" \/>\n<meta property=\"article:publisher\" content=\"https:\/\/www.facebook.com\/OStrategies\" \/>\n<meta property=\"article:modified_time\" content=\"2025-11-23T23:50:02+00:00\" \/>\n<meta property=\"og:image\" content=\"https:\/\/ostrategies.ca\/wp-content\/uploads\/2025\/08\/O-Strategie-May24-80-scaled.webp\" \/>\n\t<meta property=\"og:image:width\" content=\"2560\" \/>\n\t<meta property=\"og:image:height\" content=\"1707\" \/>\n\t<meta property=\"og:image:type\" content=\"image\/webp\" \/>\n<meta name=\"twitter:card\" content=\"summary_large_image\" \/>\n<meta name=\"twitter:label1\" content=\"Dur\u00e9e de lecture estim\u00e9e\" \/>\n\t<meta name=\"twitter:data1\" content=\"3 minutes\" \/>\n<script type=\"application\/ld+json\" class=\"yoast-schema-graph\">{\"@context\":\"https:\\\/\\\/schema.org\",\"@graph\":[{\"@type\":\"WebPage\",\"@id\":\"https:\\\/\\\/ostrategies.ca\\\/services\\\/consulting\\\/\",\"url\":\"https:\\\/\\\/ostrategies.ca\\\/services\\\/consulting\\\/\",\"name\":\"Consulting | O Strategies\",\"isPartOf\":{\"@id\":\"https:\\\/\\\/ostrategies.ca\\\/#website\"},\"datePublished\":\"2025-06-04T10:08:09+00:00\",\"dateModified\":\"2025-11-23T23:50:02+00:00\",\"breadcrumb\":{\"@id\":\"https:\\\/\\\/ostrategies.ca\\\/services\\\/consulting\\\/#breadcrumb\"},\"inLanguage\":\"fr-FR\",\"potentialAction\":[{\"@type\":\"ReadAction\",\"target\":[\"https:\\\/\\\/ostrategies.ca\\\/services\\\/consulting\\\/\"]}]},{\"@type\":\"BreadcrumbList\",\"@id\":\"https:\\\/\\\/ostrategies.ca\\\/services\\\/consulting\\\/#breadcrumb\",\"itemListElement\":[{\"@type\":\"ListItem\",\"position\":1,\"name\":\"Home\",\"item\":\"https:\\\/\\\/ostrategies.ca\\\/\"},{\"@type\":\"ListItem\",\"position\":2,\"name\":\"Our Services\",\"item\":\"https:\\\/\\\/ostrategies.ca\\\/services\\\/\"},{\"@type\":\"ListItem\",\"position\":3,\"name\":\"Consulting\"}]},{\"@type\":\"WebSite\",\"@id\":\"https:\\\/\\\/ostrategies.ca\\\/#website\",\"url\":\"https:\\\/\\\/ostrategies.ca\\\/\",\"name\":\"O Strategies\",\"description\":\"Strategy and organizational development for impact-driven organizations\",\"publisher\":{\"@id\":\"https:\\\/\\\/ostrategies.ca\\\/#organization\"},\"potentialAction\":[{\"@type\":\"SearchAction\",\"target\":{\"@type\":\"EntryPoint\",\"urlTemplate\":\"https:\\\/\\\/ostrategies.ca\\\/?s={search_term_string}\"},\"query-input\":{\"@type\":\"PropertyValueSpecification\",\"valueRequired\":true,\"valueName\":\"search_term_string\"}}],\"inLanguage\":\"fr-FR\"},{\"@type\":\"Organization\",\"@id\":\"https:\\\/\\\/ostrategies.ca\\\/#organization\",\"name\":\"O Strategies\",\"url\":\"https:\\\/\\\/ostrategies.ca\\\/\",\"logo\":{\"@type\":\"ImageObject\",\"inLanguage\":\"fr-FR\",\"@id\":\"https:\\\/\\\/ostrategies.ca\\\/#\\\/schema\\\/logo\\\/image\\\/\",\"url\":\"https:\\\/\\\/ostrategies.ca\\\/wp-content\\\/uploads\\\/2026\\\/04\\\/O-Strategies-jaune-transparent.webp\",\"contentUrl\":\"https:\\\/\\\/ostrategies.ca\\\/wp-content\\\/uploads\\\/2026\\\/04\\\/O-Strategies-jaune-transparent.webp\",\"width\":1801,\"height\":390,\"caption\":\"O Strategies\"},\"image\":{\"@id\":\"https:\\\/\\\/ostrategies.ca\\\/#\\\/schema\\\/logo\\\/image\\\/\"},\"sameAs\":[\"https:\\\/\\\/www.facebook.com\\\/OStrategies\",\"https:\\\/\\\/www.instagram.com\\\/ostrategies\\\/\",\"https:\\\/\\\/www.linkedin.com\\\/company\\\/ostrategies\\\/posts\\\/?feedView=all\"]}]}<\/script>\n<!-- \/ Yoast SEO plugin. -->","yoast_head_json":{"title":"Consulting | O Strategies","robots":{"index":"index","follow":"follow","max-snippet":"max-snippet:-1","max-image-preview":"max-image-preview:large","max-video-preview":"max-video-preview:-1"},"canonical":"https:\/\/ostrategies.ca\/fr\/services\/consulting\/","og_locale":"fr_FR","og_type":"article","og_title":"Consulting | O Strategies","og_url":"https:\/\/ostrategies.ca\/fr\/services\/consulting\/","og_site_name":"O Strategies","article_publisher":"https:\/\/www.facebook.com\/OStrategies","article_modified_time":"2025-11-23T23:50:02+00:00","og_image":[{"width":2560,"height":1707,"url":"https:\/\/ostrategies.ca\/wp-content\/uploads\/2025\/08\/O-Strategie-May24-80-scaled.webp","type":"image\/webp"}],"twitter_card":"summary_large_image","twitter_misc":{"Dur\u00e9e de lecture estim\u00e9e":"3 minutes"},"schema":{"@context":"https:\/\/schema.org","@graph":[{"@type":"WebPage","@id":"https:\/\/ostrategies.ca\/services\/consulting\/","url":"https:\/\/ostrategies.ca\/services\/consulting\/","name":"Consulting | O Strategies","isPartOf":{"@id":"https:\/\/ostrategies.ca\/#website"},"datePublished":"2025-06-04T10:08:09+00:00","dateModified":"2025-11-23T23:50:02+00:00","breadcrumb":{"@id":"https:\/\/ostrategies.ca\/services\/consulting\/#breadcrumb"},"inLanguage":"fr-FR","potentialAction":[{"@type":"ReadAction","target":["https:\/\/ostrategies.ca\/services\/consulting\/"]}]},{"@type":"BreadcrumbList","@id":"https:\/\/ostrategies.ca\/services\/consulting\/#breadcrumb","itemListElement":[{"@type":"ListItem","position":1,"name":"Home","item":"https:\/\/ostrategies.ca\/"},{"@type":"ListItem","position":2,"name":"Our Services","item":"https:\/\/ostrategies.ca\/services\/"},{"@type":"ListItem","position":3,"name":"Consulting"}]},{"@type":"WebSite","@id":"https:\/\/ostrategies.ca\/#website","url":"https:\/\/ostrategies.ca\/","name":"O Strategies","description":"Strategy and organizational development for impact-driven organizations","publisher":{"@id":"https:\/\/ostrategies.ca\/#organization"},"potentialAction":[{"@type":"SearchAction","target":{"@type":"EntryPoint","urlTemplate":"https:\/\/ostrategies.ca\/?s={search_term_string}"},"query-input":{"@type":"PropertyValueSpecification","valueRequired":true,"valueName":"search_term_string"}}],"inLanguage":"fr-FR"},{"@type":"Organization","@id":"https:\/\/ostrategies.ca\/#organization","name":"O Strategies","url":"https:\/\/ostrategies.ca\/","logo":{"@type":"ImageObject","inLanguage":"fr-FR","@id":"https:\/\/ostrategies.ca\/#\/schema\/logo\/image\/","url":"https:\/\/ostrategies.ca\/wp-content\/uploads\/2026\/04\/O-Strategies-jaune-transparent.webp","contentUrl":"https:\/\/ostrategies.ca\/wp-content\/uploads\/2026\/04\/O-Strategies-jaune-transparent.webp","width":1801,"height":390,"caption":"O Strategies"},"image":{"@id":"https:\/\/ostrategies.ca\/#\/schema\/logo\/image\/"},"sameAs":["https:\/\/www.facebook.com\/OStrategies","https:\/\/www.instagram.com\/ostrategies\/","https:\/\/www.linkedin.com\/company\/ostrategies\/posts\/?feedView=all"]}]}},"_links":{"self":[{"href":"https:\/\/ostrategies.ca\/fr\/wp-json\/wp\/v2\/pages\/22777","targetHints":{"allow":["GET"]}}],"collection":[{"href":"https:\/\/ostrategies.ca\/fr\/wp-json\/wp\/v2\/pages"}],"about":[{"href":"https:\/\/ostrategies.ca\/fr\/wp-json\/wp\/v2\/types\/page"}],"author":[{"embeddable":true,"href":"https:\/\/ostrategies.ca\/fr\/wp-json\/wp\/v2\/users\/1"}],"replies":[{"embeddable":true,"href":"https:\/\/ostrategies.ca\/fr\/wp-json\/wp\/v2\/comments?post=22777"}],"version-history":[{"count":21,"href":"https:\/\/ostrategies.ca\/fr\/wp-json\/wp\/v2\/pages\/22777\/revisions"}],"predecessor-version":[{"id":23694,"href":"https:\/\/ostrategies.ca\/fr\/wp-json\/wp\/v2\/pages\/22777\/revisions\/23694"}],"up":[{"embeddable":true,"href":"https:\/\/ostrategies.ca\/fr\/wp-json\/wp\/v2\/pages\/3214"}],"wp:attachment":[{"href":"https:\/\/ostrategies.ca\/fr\/wp-json\/wp\/v2\/media?parent=22777"}],"curies":[{"name":"wp","href":"https:\/\/api.w.org\/{rel}","templated":true}]}}