{"id":22894,"date":"2025-06-11T11:30:38","date_gmt":"2025-06-11T11:30:38","guid":{"rendered":"http:\/\/zwm.xqj.mybluehost.me\/?page_id=22894"},"modified":"2025-11-28T20:46:45","modified_gmt":"2025-11-28T20:46:45","slug":"newsletter","status":"publish","type":"page","link":"https:\/\/ostrategies.ca\/fr\/newsletter\/","title":{"rendered":"Infolettre"},"content":{"rendered":"<div class=\"wpb-content-wrapper\"><section data-vc-full-width=\"true\" data-vc-full-width-init=\"false\" class=\"vc_row wpb_row vc_row-fluid  vc_custom_1507713555136 vc_row-has-fill pofo-stretch-content pofo-stretch-row-container pofo-row-responsive-69d865f91886f\"><div class=\"wpb_column vc_column_container vc_col-sm-12  col-xs-mobile-fullwidth pofo-column-responsive-69d865f9188d0\"><div class=\"vc_column-inner  no-column-padding\"><div class=\"wpb_wrapper\"><div class=\"pofo-blog-grid\"><div class=\"col-3-nth-item gutter-large blog-post-gutter\"><div class=\"blog-post-style3 blog-style4-1 padding-10px-all col-md-4 col-sm-6 col-xs-12  wow fadeInUp\"><div class=\"post-22884 post type-post status-publish format-standard has-post-thumbnail hentry category-impact-report category-newsletter\"><div class=\"grid-item\"><div class=\"blog-post bg-light-gray inner-match-height\" style=\"background-color:#FFFFFF;\"><div class=\"blog-post-images overflow-hidden position-relative text-center\"><a href=\"https:\/\/ostrategies.ca\/fr\/impact-report-2019-2024\/\"><img decoding=\"async\" loading=\"lazy\" width=\"1080\" height=\"1080\" src=\"https:\/\/ostrategies.ca\/wp-content\/uploads\/2025\/06\/1.-photo-impact-report.jpeg.jpeg\" class=\"attachment-full size-full wp-post-image\" alt=\"\" title=\"\" srcset=\"https:\/\/ostrategies.ca\/wp-content\/uploads\/2025\/06\/1.-photo-impact-report.jpeg.jpeg 1080w, https:\/\/ostrategies.ca\/wp-content\/uploads\/2025\/06\/1.-photo-impact-report.jpeg-300x300.jpeg 300w, https:\/\/ostrategies.ca\/wp-content\/uploads\/2025\/06\/1.-photo-impact-report.jpeg-1024x1024.jpeg 1024w, https:\/\/ostrategies.ca\/wp-content\/uploads\/2025\/06\/1.-photo-impact-report.jpeg-150x150.jpeg 150w, https:\/\/ostrategies.ca\/wp-content\/uploads\/2025\/06\/1.-photo-impact-report.jpeg-768x768.jpeg 768w, https:\/\/ostrategies.ca\/wp-content\/uploads\/2025\/06\/1.-photo-impact-report.jpeg-771x771.jpeg 771w, https:\/\/ostrategies.ca\/wp-content\/uploads\/2025\/06\/1.-photo-impact-report.jpeg-120x120.jpeg 120w, https:\/\/ostrategies.ca\/wp-content\/uploads\/2025\/06\/1.-photo-impact-report.jpeg-81x81.jpeg 81w\" sizes=\"auto, (max-width: 1080px) 100vw, 1080px\" \/><div class=\"blog-hover-icon\"><span class=\"text-extra-large font-weight-300\">+<\/span><\/div><\/a><\/div><div class=\"post-details padding-ten-all sm-padding-20px-all xs-text-center\"><div class=\"blog-hover-color\"><\/div><a class=\"alt-font post-title text-medium text-extra-dark-gray display-block entry-title\" href=\"https:\/\/ostrategies.ca\/fr\/impact-report-2019-2024\/\">Impact Report 2019-2024<\/a><div class=\"entry-content no-margin-bottom margin-15px-top\">Discover Our 2019-2024 Impact Report \u2013 A Journey Rich in Collaboration! Dear community, O Strat\u00e9gies is thrilled to...<\/div><div class=\"separator-line-horrizontal-full bg-medium-gray margin-20px-top sm-margin-15px-top\"><\/div><div class=\"author text-extra-small text-medium-gray display-block margin-20px-top sm-margin-15px-top\"><span class=\"text-medium-gray text-extra-small display-inline-block text-uppercase\"><span class=\"pofo-blog-post-meta text-extra-small text-medium-gray display-inline-block published vertical-align-middle\">11 d\u00e9cembre 2024<\/span><time class=\"updated display-none\" datetime=\"2026-04-02T12:46:12-03:00\">02 avril 2026<\/time><span class=\"blog-separator vertical-align-middle\">|<\/span><a href=\"https:\/\/ostrategies.ca\/fr\/category\/newsletter\/impact-report\/\" class=\"text-medium-gray text-extra-small vertical-align-middle display-inline-block pofo-blog-post-meta\" rel=\"category tag\">Impact Report<\/a>, <a href=\"https:\/\/ostrategies.ca\/fr\/category\/newsletter\/\" class=\"text-medium-gray text-extra-small vertical-align-middle display-inline-block pofo-blog-post-meta\" rel=\"category tag\">Infolettre<\/a><\/span><\/div><\/div><\/div><\/div><\/div><\/div><div class=\"blog-post-style3 blog-style4-2 padding-10px-all col-md-4 col-sm-6 col-xs-12  wow fadeInUp\" data-wow-delay=\"100ms\"><div class=\"post-22712 post type-post status-publish format-standard has-post-thumbnail hentry category-art-infolettre category-newsletter\"><div class=\"grid-item\"><div class=\"blog-post bg-light-gray inner-match-height\" style=\"background-color:#FFFFFF;\"><div class=\"blog-post-images overflow-hidden position-relative text-center\"><a href=\"https:\/\/ostrategies.ca\/fr\/become-the-artist-of-your-success-strategic-planning-in-3-steps\/\"><img decoding=\"async\" loading=\"lazy\" width=\"1200\" height=\"1200\" src=\"https:\/\/ostrategies.ca\/wp-content\/uploads\/2025\/06\/Website-blog-May-2025_Nouveau-Livres-Blanc-LinkedIn-Post.webp\" class=\"attachment-full size-full wp-post-image\" alt=\"\" title=\"\" srcset=\"https:\/\/ostrategies.ca\/wp-content\/uploads\/2025\/06\/Website-blog-May-2025_Nouveau-Livres-Blanc-LinkedIn-Post.webp 1200w, https:\/\/ostrategies.ca\/wp-content\/uploads\/2025\/06\/Website-blog-May-2025_Nouveau-Livres-Blanc-LinkedIn-Post-300x300.webp 300w, https:\/\/ostrategies.ca\/wp-content\/uploads\/2025\/06\/Website-blog-May-2025_Nouveau-Livres-Blanc-LinkedIn-Post-1024x1024.webp 1024w, https:\/\/ostrategies.ca\/wp-content\/uploads\/2025\/06\/Website-blog-May-2025_Nouveau-Livres-Blanc-LinkedIn-Post-150x150.webp 150w, https:\/\/ostrategies.ca\/wp-content\/uploads\/2025\/06\/Website-blog-May-2025_Nouveau-Livres-Blanc-LinkedIn-Post-768x768.webp 768w, https:\/\/ostrategies.ca\/wp-content\/uploads\/2025\/06\/Website-blog-May-2025_Nouveau-Livres-Blanc-LinkedIn-Post-12x12.webp 12w, https:\/\/ostrategies.ca\/wp-content\/uploads\/2025\/06\/Website-blog-May-2025_Nouveau-Livres-Blanc-LinkedIn-Post-771x771.webp 771w, https:\/\/ostrategies.ca\/wp-content\/uploads\/2025\/06\/Website-blog-May-2025_Nouveau-Livres-Blanc-LinkedIn-Post-120x120.webp 120w, https:\/\/ostrategies.ca\/wp-content\/uploads\/2025\/06\/Website-blog-May-2025_Nouveau-Livres-Blanc-LinkedIn-Post-81x81.webp 81w\" sizes=\"auto, (max-width: 1200px) 100vw, 1200px\" \/><div class=\"blog-hover-icon\"><span class=\"text-extra-large font-weight-300\">+<\/span><\/div><\/a><\/div><div class=\"post-details padding-ten-all sm-padding-20px-all xs-text-center\"><div class=\"blog-hover-color\"><\/div><a class=\"alt-font post-title text-medium text-extra-dark-gray display-block entry-title\" href=\"https:\/\/ostrategies.ca\/fr\/become-the-artist-of-your-success-strategic-planning-in-3-steps\/\">Become the ARTist of Your Success! Strategic planning in 3 steps<\/a><div class=\"entry-content no-margin-bottom margin-15px-top\">Become the ARTist of Your Success! Strategic planning in 3 steps A 3-Step Strategic Planning Guide for Nonprofit...<\/div><div class=\"separator-line-horrizontal-full bg-medium-gray margin-20px-top sm-margin-15px-top\"><\/div><div class=\"author text-extra-small text-medium-gray display-block margin-20px-top sm-margin-15px-top\"><span class=\"text-medium-gray text-extra-small display-inline-block text-uppercase\"><span class=\"pofo-blog-post-meta text-extra-small text-medium-gray display-inline-block published vertical-align-middle\">04 juin 2025<\/span><time class=\"updated display-none\" datetime=\"2026-04-02T12:46:12-03:00\">02 avril 2026<\/time><span class=\"blog-separator vertical-align-middle\">|<\/span><a href=\"https:\/\/ostrategies.ca\/fr\/category\/newsletter\/art-infolettre\/\" class=\"text-medium-gray text-extra-small vertical-align-middle display-inline-block pofo-blog-post-meta\" rel=\"category tag\">ART - infolettre<\/a>, <a href=\"https:\/\/ostrategies.ca\/fr\/category\/newsletter\/\" class=\"text-medium-gray text-extra-small vertical-align-middle display-inline-block pofo-blog-post-meta\" rel=\"category tag\">Infolettre<\/a><\/span><\/div><\/div><\/div><\/div><\/div><\/div><div class=\"blog-post-style3 blog-style4-3 padding-10px-all col-md-4 col-sm-6 col-xs-12  wow fadeInUp\" data-wow-delay=\"200ms\"><div class=\"post-23755 post type-post status-publish format-standard has-post-thumbnail hentry category-newsletter\"><div class=\"grid-item\"><div class=\"blog-post bg-light-gray inner-match-height\" style=\"background-color:#FFFFFF;\"><div class=\"blog-post-images overflow-hidden position-relative text-center\"><a href=\"https:\/\/ostrategies.ca\/fr\/welcome-to-november\/\"><img decoding=\"async\" loading=\"lazy\" width=\"1200\" height=\"1200\" src=\"https:\/\/ostrategies.ca\/wp-content\/uploads\/2025\/12\/Welcome-to-November-post-for-newsletter.png\" class=\"attachment-full size-full wp-post-image\" alt=\"\" title=\"\" srcset=\"https:\/\/ostrategies.ca\/wp-content\/uploads\/2025\/12\/Welcome-to-November-post-for-newsletter.png 1200w, https:\/\/ostrategies.ca\/wp-content\/uploads\/2025\/12\/Welcome-to-November-post-for-newsletter-300x300.png 300w, https:\/\/ostrategies.ca\/wp-content\/uploads\/2025\/12\/Welcome-to-November-post-for-newsletter-1024x1024.png 1024w, https:\/\/ostrategies.ca\/wp-content\/uploads\/2025\/12\/Welcome-to-November-post-for-newsletter-150x150.png 150w, https:\/\/ostrategies.ca\/wp-content\/uploads\/2025\/12\/Welcome-to-November-post-for-newsletter-768x768.png 768w, https:\/\/ostrategies.ca\/wp-content\/uploads\/2025\/12\/Welcome-to-November-post-for-newsletter-12x12.png 12w, https:\/\/ostrategies.ca\/wp-content\/uploads\/2025\/12\/Welcome-to-November-post-for-newsletter-771x771.png 771w, https:\/\/ostrategies.ca\/wp-content\/uploads\/2025\/12\/Welcome-to-November-post-for-newsletter-120x120.png 120w, https:\/\/ostrategies.ca\/wp-content\/uploads\/2025\/12\/Welcome-to-November-post-for-newsletter-81x81.png 81w\" sizes=\"auto, (max-width: 1200px) 100vw, 1200px\" \/><div class=\"blog-hover-icon\"><span class=\"text-extra-large font-weight-300\">+<\/span><\/div><\/a><\/div><div class=\"post-details padding-ten-all sm-padding-20px-all xs-text-center\"><div class=\"blog-hover-color\"><\/div><a class=\"alt-font post-title text-medium text-extra-dark-gray display-block entry-title\" href=\"https:\/\/ostrategies.ca\/fr\/welcome-to-november\/\">Bienvenue en novembre<\/a><div class=\"entry-content no-margin-bottom margin-15px-top\">Ce mois-ci, nous c\u00e9l\u00e9brons la collaboration, la communaut\u00e9 et la connexion, des conf\u00e9rences inspirantes au lancement de nouvelles initiatives...<\/div><div class=\"separator-line-horrizontal-full bg-medium-gray margin-20px-top sm-margin-15px-top\"><\/div><div class=\"author text-extra-small text-medium-gray display-block margin-20px-top sm-margin-15px-top\"><span class=\"text-medium-gray text-extra-small display-inline-block text-uppercase\"><span class=\"pofo-blog-post-meta text-extra-small text-medium-gray display-inline-block published vertical-align-middle\">01 novembre 2025<\/span><time class=\"updated display-none\" datetime=\"2026-04-02T12:46:11-03:00\">02 avril 2026<\/time><span class=\"blog-separator vertical-align-middle\">|<\/span><a href=\"https:\/\/ostrategies.ca\/fr\/category\/newsletter\/\" class=\"text-medium-gray text-extra-small vertical-align-middle display-inline-block pofo-blog-post-meta\" rel=\"category tag\">Infolettre<\/a><\/span><\/div><\/div><\/div><\/div><\/div><\/div><div class=\"blog-post-style3 blog-style4-4 padding-10px-all col-md-4 col-sm-6 col-xs-12  wow fadeInUp\" data-wow-delay=\"300ms\"><div class=\"post-23729 post type-post status-publish format-standard has-post-thumbnail hentry category-newsletter\"><div class=\"grid-item\"><div class=\"blog-post bg-light-gray inner-match-height\" style=\"background-color:#FFFFFF;\"><div class=\"blog-post-images overflow-hidden position-relative text-center\"><a href=\"https:\/\/ostrategies.ca\/fr\/welcome-to-december-newsletter\/\"><img decoding=\"async\" loading=\"lazy\" width=\"1200\" height=\"1200\" src=\"https:\/\/ostrategies.ca\/wp-content\/uploads\/2025\/12\/Publication-daccueil-de-decembre-pour-linfolettre.png\" class=\"attachment-full size-full wp-post-image\" alt=\"\" title=\"\" srcset=\"https:\/\/ostrategies.ca\/wp-content\/uploads\/2025\/12\/Publication-daccueil-de-decembre-pour-linfolettre.png 1200w, https:\/\/ostrategies.ca\/wp-content\/uploads\/2025\/12\/Publication-daccueil-de-decembre-pour-linfolettre-300x300.png 300w, https:\/\/ostrategies.ca\/wp-content\/uploads\/2025\/12\/Publication-daccueil-de-decembre-pour-linfolettre-1024x1024.png 1024w, https:\/\/ostrategies.ca\/wp-content\/uploads\/2025\/12\/Publication-daccueil-de-decembre-pour-linfolettre-150x150.png 150w, https:\/\/ostrategies.ca\/wp-content\/uploads\/2025\/12\/Publication-daccueil-de-decembre-pour-linfolettre-768x768.png 768w, https:\/\/ostrategies.ca\/wp-content\/uploads\/2025\/12\/Publication-daccueil-de-decembre-pour-linfolettre-12x12.png 12w, https:\/\/ostrategies.ca\/wp-content\/uploads\/2025\/12\/Publication-daccueil-de-decembre-pour-linfolettre-771x771.png 771w, https:\/\/ostrategies.ca\/wp-content\/uploads\/2025\/12\/Publication-daccueil-de-decembre-pour-linfolettre-120x120.png 120w, https:\/\/ostrategies.ca\/wp-content\/uploads\/2025\/12\/Publication-daccueil-de-decembre-pour-linfolettre-81x81.png 81w\" sizes=\"auto, (max-width: 1200px) 100vw, 1200px\" \/><div class=\"blog-hover-icon\"><span class=\"text-extra-large font-weight-300\">+<\/span><\/div><\/a><\/div><div class=\"post-details padding-ten-all sm-padding-20px-all xs-text-center\"><div class=\"blog-hover-color\"><\/div><a class=\"alt-font post-title text-medium text-extra-dark-gray display-block entry-title\" href=\"https:\/\/ostrategies.ca\/fr\/welcome-to-december-newsletter\/\">Bienvenue en d\u00e9cembre<\/a><div class=\"entry-content no-margin-bottom margin-15px-top\">D\u00e9couvrez toutes les nouveaut\u00e9s et les actualit\u00e9s de fin d\u2019ann\u00e9e dans notre infolettre de d\u00e9cembre!<\/div><div class=\"separator-line-horrizontal-full bg-medium-gray margin-20px-top sm-margin-15px-top\"><\/div><div class=\"author text-extra-small text-medium-gray display-block margin-20px-top sm-margin-15px-top\"><span class=\"text-medium-gray text-extra-small display-inline-block text-uppercase\"><span class=\"pofo-blog-post-meta text-extra-small text-medium-gray display-inline-block published vertical-align-middle\">09 d\u00e9cembre 2025<\/span><time class=\"updated display-none\" datetime=\"2026-04-02T12:46:11-03:00\">02 avril 2026<\/time><span class=\"blog-separator vertical-align-middle\">|<\/span><a href=\"https:\/\/ostrategies.ca\/fr\/category\/newsletter\/\" class=\"text-medium-gray text-extra-small vertical-align-middle display-inline-block pofo-blog-post-meta\" rel=\"category tag\">Infolettre<\/a><\/span><\/div><\/div><\/div><\/div><\/div><\/div><\/div><\/div><\/div><\/div><\/div><\/section><div class=\"vc_row-full-width vc_clearfix\"><\/div>\n<\/div>","protected":false},"excerpt":{"rendered":"D\u00e9couvrez toutes les nouveaut\u00e9s et les actualit\u00e9s de fin d\u2019ann\u00e9e dans notre infolettre de d\u00e9cembre!","protected":false},"author":1,"featured_media":0,"parent":0,"menu_order":0,"comment_status":"closed","ping_status":"closed","template":"","meta":{"nf_dc_page":"","footnotes":""},"class_list":["post-22894","page","type-page","status-publish","hentry"],"yoast_head":"<!-- This site is optimized with the Yoast SEO plugin v27.3 - https:\/\/yoast.com\/product\/yoast-seo-wordpress\/ -->\n<title>Newsletter | O Strategies<\/title>\n<meta name=\"robots\" content=\"index, follow, max-snippet:-1, max-image-preview:large, max-video-preview:-1\" \/>\n<link rel=\"canonical\" href=\"https:\/\/ostrategies.ca\/fr\/newsletter\/\" \/>\n<meta property=\"og:locale\" content=\"fr_FR\" \/>\n<meta property=\"og:type\" content=\"article\" \/>\n<meta property=\"og:title\" content=\"Newsletter | O Strategies\" \/>\n<meta property=\"og:url\" content=\"https:\/\/ostrategies.ca\/fr\/newsletter\/\" \/>\n<meta property=\"og:site_name\" content=\"O Strategies\" \/>\n<meta property=\"article:publisher\" content=\"https:\/\/www.facebook.com\/OStrategies\" \/>\n<meta property=\"article:modified_time\" content=\"2025-11-28T20:46:45+00:00\" \/>\n<meta property=\"og:image\" content=\"https:\/\/ostrategies.ca\/wp-content\/uploads\/2025\/08\/O-Strategie-May24-80-scaled.webp\" \/>\n\t<meta property=\"og:image:width\" content=\"2560\" \/>\n\t<meta property=\"og:image:height\" content=\"1707\" \/>\n\t<meta property=\"og:image:type\" content=\"image\/webp\" \/>\n<meta name=\"twitter:card\" content=\"summary_large_image\" \/>\n<meta name=\"twitter:label1\" content=\"Dur\u00e9e de lecture estim\u00e9e\" \/>\n\t<meta name=\"twitter:data1\" content=\"1 minute\" \/>\n<script type=\"application\/ld+json\" class=\"yoast-schema-graph\">{\"@context\":\"https:\\\/\\\/schema.org\",\"@graph\":[{\"@type\":\"WebPage\",\"@id\":\"https:\\\/\\\/ostrategies.ca\\\/newsletter\\\/\",\"url\":\"https:\\\/\\\/ostrategies.ca\\\/newsletter\\\/\",\"name\":\"Newsletter | O Strategies\",\"isPartOf\":{\"@id\":\"https:\\\/\\\/ostrategies.ca\\\/#website\"},\"datePublished\":\"2025-06-11T11:30:38+00:00\",\"dateModified\":\"2025-11-28T20:46:45+00:00\",\"breadcrumb\":{\"@id\":\"https:\\\/\\\/ostrategies.ca\\\/newsletter\\\/#breadcrumb\"},\"inLanguage\":\"fr-FR\",\"potentialAction\":[{\"@type\":\"ReadAction\",\"target\":[\"https:\\\/\\\/ostrategies.ca\\\/newsletter\\\/\"]}]},{\"@type\":\"BreadcrumbList\",\"@id\":\"https:\\\/\\\/ostrategies.ca\\\/newsletter\\\/#breadcrumb\",\"itemListElement\":[{\"@type\":\"ListItem\",\"position\":1,\"name\":\"Home\",\"item\":\"https:\\\/\\\/ostrategies.ca\\\/\"},{\"@type\":\"ListItem\",\"position\":2,\"name\":\"Newsletter\"}]},{\"@type\":\"WebSite\",\"@id\":\"https:\\\/\\\/ostrategies.ca\\\/#website\",\"url\":\"https:\\\/\\\/ostrategies.ca\\\/\",\"name\":\"O Strategies\",\"description\":\"Strategy and organizational development for impact-driven organizations\",\"publisher\":{\"@id\":\"https:\\\/\\\/ostrategies.ca\\\/#organization\"},\"potentialAction\":[{\"@type\":\"SearchAction\",\"target\":{\"@type\":\"EntryPoint\",\"urlTemplate\":\"https:\\\/\\\/ostrategies.ca\\\/?s={search_term_string}\"},\"query-input\":{\"@type\":\"PropertyValueSpecification\",\"valueRequired\":true,\"valueName\":\"search_term_string\"}}],\"inLanguage\":\"fr-FR\"},{\"@type\":\"Organization\",\"@id\":\"https:\\\/\\\/ostrategies.ca\\\/#organization\",\"name\":\"O Strategies\",\"url\":\"https:\\\/\\\/ostrategies.ca\\\/\",\"logo\":{\"@type\":\"ImageObject\",\"inLanguage\":\"fr-FR\",\"@id\":\"https:\\\/\\\/ostrategies.ca\\\/#\\\/schema\\\/logo\\\/image\\\/\",\"url\":\"https:\\\/\\\/ostrategies.ca\\\/wp-content\\\/uploads\\\/2026\\\/04\\\/O-Strategies-jaune-transparent.webp\",\"contentUrl\":\"https:\\\/\\\/ostrategies.ca\\\/wp-content\\\/uploads\\\/2026\\\/04\\\/O-Strategies-jaune-transparent.webp\",\"width\":1801,\"height\":390,\"caption\":\"O Strategies\"},\"image\":{\"@id\":\"https:\\\/\\\/ostrategies.ca\\\/#\\\/schema\\\/logo\\\/image\\\/\"},\"sameAs\":[\"https:\\\/\\\/www.facebook.com\\\/OStrategies\",\"https:\\\/\\\/www.instagram.com\\\/ostrategies\\\/\",\"https:\\\/\\\/www.linkedin.com\\\/company\\\/ostrategies\\\/posts\\\/?feedView=all\"]}]}<\/script>\n<!-- \/ Yoast SEO plugin. -->","yoast_head_json":{"title":"Newsletter | O Strategies","robots":{"index":"index","follow":"follow","max-snippet":"max-snippet:-1","max-image-preview":"max-image-preview:large","max-video-preview":"max-video-preview:-1"},"canonical":"https:\/\/ostrategies.ca\/fr\/newsletter\/","og_locale":"fr_FR","og_type":"article","og_title":"Newsletter | O Strategies","og_url":"https:\/\/ostrategies.ca\/fr\/newsletter\/","og_site_name":"O Strategies","article_publisher":"https:\/\/www.facebook.com\/OStrategies","article_modified_time":"2025-11-28T20:46:45+00:00","og_image":[{"width":2560,"height":1707,"url":"https:\/\/ostrategies.ca\/wp-content\/uploads\/2025\/08\/O-Strategie-May24-80-scaled.webp","type":"image\/webp"}],"twitter_card":"summary_large_image","twitter_misc":{"Dur\u00e9e de lecture estim\u00e9e":"1 minute"},"schema":{"@context":"https:\/\/schema.org","@graph":[{"@type":"WebPage","@id":"https:\/\/ostrategies.ca\/newsletter\/","url":"https:\/\/ostrategies.ca\/newsletter\/","name":"Newsletter | O Strategies","isPartOf":{"@id":"https:\/\/ostrategies.ca\/#website"},"datePublished":"2025-06-11T11:30:38+00:00","dateModified":"2025-11-28T20:46:45+00:00","breadcrumb":{"@id":"https:\/\/ostrategies.ca\/newsletter\/#breadcrumb"},"inLanguage":"fr-FR","potentialAction":[{"@type":"ReadAction","target":["https:\/\/ostrategies.ca\/newsletter\/"]}]},{"@type":"BreadcrumbList","@id":"https:\/\/ostrategies.ca\/newsletter\/#breadcrumb","itemListElement":[{"@type":"ListItem","position":1,"name":"Home","item":"https:\/\/ostrategies.ca\/"},{"@type":"ListItem","position":2,"name":"Newsletter"}]},{"@type":"WebSite","@id":"https:\/\/ostrategies.ca\/#website","url":"https:\/\/ostrategies.ca\/","name":"O Strategies","description":"Strategy and organizational development for impact-driven organizations","publisher":{"@id":"https:\/\/ostrategies.ca\/#organization"},"potentialAction":[{"@type":"SearchAction","target":{"@type":"EntryPoint","urlTemplate":"https:\/\/ostrategies.ca\/?s={search_term_string}"},"query-input":{"@type":"PropertyValueSpecification","valueRequired":true,"valueName":"search_term_string"}}],"inLanguage":"fr-FR"},{"@type":"Organization","@id":"https:\/\/ostrategies.ca\/#organization","name":"O Strategies","url":"https:\/\/ostrategies.ca\/","logo":{"@type":"ImageObject","inLanguage":"fr-FR","@id":"https:\/\/ostrategies.ca\/#\/schema\/logo\/image\/","url":"https:\/\/ostrategies.ca\/wp-content\/uploads\/2026\/04\/O-Strategies-jaune-transparent.webp","contentUrl":"https:\/\/ostrategies.ca\/wp-content\/uploads\/2026\/04\/O-Strategies-jaune-transparent.webp","width":1801,"height":390,"caption":"O Strategies"},"image":{"@id":"https:\/\/ostrategies.ca\/#\/schema\/logo\/image\/"},"sameAs":["https:\/\/www.facebook.com\/OStrategies","https:\/\/www.instagram.com\/ostrategies\/","https:\/\/www.linkedin.com\/company\/ostrategies\/posts\/?feedView=all"]}]}},"_links":{"self":[{"href":"https:\/\/ostrategies.ca\/fr\/wp-json\/wp\/v2\/pages\/22894","targetHints":{"allow":["GET"]}}],"collection":[{"href":"https:\/\/ostrategies.ca\/fr\/wp-json\/wp\/v2\/pages"}],"about":[{"href":"https:\/\/ostrategies.ca\/fr\/wp-json\/wp\/v2\/types\/page"}],"author":[{"embeddable":true,"href":"https:\/\/ostrategies.ca\/fr\/wp-json\/wp\/v2\/users\/1"}],"replies":[{"embeddable":true,"href":"https:\/\/ostrategies.ca\/fr\/wp-json\/wp\/v2\/comments?post=22894"}],"version-history":[{"count":5,"href":"https:\/\/ostrategies.ca\/fr\/wp-json\/wp\/v2\/pages\/22894\/revisions"}],"predecessor-version":[{"id":23714,"href":"https:\/\/ostrategies.ca\/fr\/wp-json\/wp\/v2\/pages\/22894\/revisions\/23714"}],"wp:attachment":[{"href":"https:\/\/ostrategies.ca\/fr\/wp-json\/wp\/v2\/media?parent=22894"}],"curies":[{"name":"wp","href":"https:\/\/api.w.org\/{rel}","templated":true}]}}