{"id":23453,"date":"2025-08-20T23:04:18","date_gmt":"2025-08-20T23:04:18","guid":{"rendered":"http:\/\/zwm.xqj.mybluehost.me\/?page_id=23453"},"modified":"2025-10-01T15:51:32","modified_gmt":"2025-10-01T15:51:32","slug":"resources","status":"publish","type":"page","link":"https:\/\/ostrategies.ca\/fr\/resources\/","title":{"rendered":"Nos ressources"},"content":{"rendered":"<div class=\"wpb-content-wrapper\"><section data-vc-full-width=\"true\" data-vc-full-width-init=\"false\" class=\"vc_row wpb_row vc_row-fluid  vc_custom_1755798897449 vc_row-has-fill pofo-stretch-content pofo-stretch-row-container\"><div class=\"wpb_column vc_column_container vc_col-sm-12  col-xs-mobile-fullwidth\"><div class=\"vc_column-inner\"><div class=\"wpb_wrapper\"><div class=\"vc_row wpb_row vc_inner vc_row-fluid  vc_custom_1755886650456\"><div class=\"wpb_column vc_column_container vc_col-sm-1  col-xs-mobile-fullwidth\"><div class=\"vc_column-inner\"><div class=\"wpb_wrapper\"><\/div><\/div><\/div><div class=\"wpb_column vc_column_container vc_col-sm-10  col-xs-mobile-fullwidth\"><div class=\"vc_column-inner\"><div class=\"wpb_wrapper\"><div class=\"vc_custom_1755731420072 last-paragraph-no-margin\"><h5 class=\"no-margin-bottom text-extra-dark-gray font-weight-600\" style=\"text-align: center;\"><b>Votre carrefour d\u2019id\u00e9es et d\u2019outils transformateurs<\/b><\/h5>\n<p style=\"text-align: center;\">D\u00e9couvrez du contenu s\u00e9lectionn\u00e9 avec soin, des outils d\u2019expert\u00b7e\u00b7s et des id\u00e9es concr\u00e8tes con\u00e7ues pour les acteur\u00b7trice\u00b7s du changement, les leaders et les communaut\u00e9s engag\u00e9es. Les ressources ci-dessous vous aident \u00e0 naviguer dans la complexit\u00e9, stimuler l\u2019innovation et cr\u00e9er un impact durable.<\/p>\n<\/div>\n\t<div class=\"wpb_raw_code wpb_raw_html wpb_content_element\" >\n\t\t<div class=\"wpb_wrapper\">\n\t\t\t<style type=\"text\/css\" data-type=\"vc_shortcodes-custom-css\">.vc_custom_1755798897449{background-color: #F6F4ED !important;}.vc_custom_1755731341044{margin-bottom: 50px !important;}.vc_custom_1755799074735{margin-bottom: 20px !important;}.vc_custom_1755731884890{margin-bottom: 50px !important;}.vc_custom_1755731420072{margin-bottom: 20px !important;}<\/style>\n\t\t<\/div>\n\t<\/div>\n<\/div><\/div><\/div><div class=\"wpb_column vc_column_container vc_col-sm-1  col-xs-mobile-fullwidth\"><div class=\"vc_column-inner\"><div class=\"wpb_wrapper\"><\/div><\/div><\/div><\/div><div class=\"vc_row wpb_row vc_inner vc_row-fluid  vc_custom_1755799074735 vc_row-o-equal-height vc_row-flex\"><div class=\"wpb_column vc_column_container vc_col-sm-4  col-xs-mobile-fullwidth\"><div class=\"vc_column-inner\"><div class=\"wpb_wrapper\"><div class=\"bg-white service-box featurebox34 pofo-featurebox featurebox34-1\" ><img loading=\"lazy\" decoding=\"async\" src=\"https:\/\/ostrategies.ca\/wp-content\/uploads\/2017\/08\/Website-blog-June-2025_Collaborative-Working-Methods-1920-x-1100-px.png\" width=\"1920\" height=\"1100\"  alt=\"\" srcset=\"https:\/\/ostrategies.ca\/wp-content\/uploads\/2017\/08\/Website-blog-June-2025_Collaborative-Working-Methods-1920-x-1100-px.png 1920w, https:\/\/ostrategies.ca\/wp-content\/uploads\/2017\/08\/Website-blog-June-2025_Collaborative-Working-Methods-1920-x-1100-px-300x172.png 300w, https:\/\/ostrategies.ca\/wp-content\/uploads\/2017\/08\/Website-blog-June-2025_Collaborative-Working-Methods-1920-x-1100-px-1024x587.png 1024w, https:\/\/ostrategies.ca\/wp-content\/uploads\/2017\/08\/Website-blog-June-2025_Collaborative-Working-Methods-1920-x-1100-px-768x440.png 768w, https:\/\/ostrategies.ca\/wp-content\/uploads\/2017\/08\/Website-blog-June-2025_Collaborative-Working-Methods-1920-x-1100-px-1536x880.png 1536w, https:\/\/ostrategies.ca\/wp-content\/uploads\/2017\/08\/Website-blog-June-2025_Collaborative-Working-Methods-1920-x-1100-px-1200x688.png 1200w, https:\/\/ostrategies.ca\/wp-content\/uploads\/2017\/08\/Website-blog-June-2025_Collaborative-Working-Methods-1920-x-1100-px-120x69.png 120w, https:\/\/ostrategies.ca\/wp-content\/uploads\/2017\/08\/Website-blog-June-2025_Collaborative-Working-Methods-1920-x-1100-px-81x46.png 81w\" sizes=\"auto, (max-width: 1920px) 100vw, 1920px\" class=\"icon-image\"\/><div class=\"padding-45px-all sm-padding-15px-all inner-match-height\"><span class=\"text-extra-dark-gray font-weight-600 display-block alt-font margin-10px-bottom\">Blogues<\/span><div class=\"last-paragraph-no-margin\"><p>Laissez-vous inspirer par des blogues remplis de conseils pratiques, de r\u00e9flexions \u00e9clair\u00e9es et d\u2019histoires v\u00e9cues sur la navigation du changement et la cr\u00e9ation d\u2019\u00e9quipes r\u00e9silientes.<\/p>\n<\/div><a class=\"btn btn-small btn-rounded btn-transparent-dark-gray margin-25px-top\" target=\"_self\" href=\"https:\/\/zwm.xqj.mybluehost.me\/blog\/\">D\u00e9couvrir le blogue<i class=\"ti-arrow-right\"><\/i><\/a><\/div><\/div><\/div><\/div><\/div><div class=\"wpb_column vc_column_container vc_col-sm-4  col-xs-mobile-fullwidth\"><div class=\"vc_column-inner\"><div class=\"wpb_wrapper\"><div class=\"bg-white service-box featurebox34 pofo-featurebox featurebox34-2\" ><img loading=\"lazy\" decoding=\"async\" src=\"https:\/\/ostrategies.ca\/wp-content\/uploads\/2025\/05\/Website-Tools-June-2025_SOMIA-1920-x-1100-px.png\" width=\"1920\" height=\"1100\"  alt=\"\" srcset=\"https:\/\/ostrategies.ca\/wp-content\/uploads\/2025\/05\/Website-Tools-June-2025_SOMIA-1920-x-1100-px.png 1920w, https:\/\/ostrategies.ca\/wp-content\/uploads\/2025\/05\/Website-Tools-June-2025_SOMIA-1920-x-1100-px-300x172.png 300w, https:\/\/ostrategies.ca\/wp-content\/uploads\/2025\/05\/Website-Tools-June-2025_SOMIA-1920-x-1100-px-1024x587.png 1024w, https:\/\/ostrategies.ca\/wp-content\/uploads\/2025\/05\/Website-Tools-June-2025_SOMIA-1920-x-1100-px-768x440.png 768w, https:\/\/ostrategies.ca\/wp-content\/uploads\/2025\/05\/Website-Tools-June-2025_SOMIA-1920-x-1100-px-1536x880.png 1536w, https:\/\/ostrategies.ca\/wp-content\/uploads\/2025\/05\/Website-Tools-June-2025_SOMIA-1920-x-1100-px-1200x688.png 1200w, https:\/\/ostrategies.ca\/wp-content\/uploads\/2025\/05\/Website-Tools-June-2025_SOMIA-1920-x-1100-px-120x69.png 120w, https:\/\/ostrategies.ca\/wp-content\/uploads\/2025\/05\/Website-Tools-June-2025_SOMIA-1920-x-1100-px-81x46.png 81w\" sizes=\"auto, (max-width: 1920px) 100vw, 1920px\" class=\"icon-image\"\/><div class=\"padding-45px-all sm-padding-15px-all inner-match-height\"><span class=\"text-extra-dark-gray font-weight-600 display-block alt-font margin-10px-bottom\">Outils<\/span><div class=\"last-paragraph-no-margin\"><p>Acc\u00e9dez gratuitement des cadres th\u00e9oriques, des fiches de travail et des ressources interactives, collaboratives et inclusives pour vous aider \u00e0 mieux planifier, diriger et collaborer.<\/p>\n<\/div><a class=\"btn btn-small btn-rounded btn-transparent-dark-gray margin-25px-top\" target=\"_self\" href=\"https:\/\/zwm.xqj.mybluehost.me\/tools\/\">D\u00e9couvrir nos outils<i class=\"ti-arrow-right\"><\/i><\/a><\/div><\/div><\/div><\/div><\/div><div class=\"wpb_column vc_column_container vc_col-sm-4  col-xs-mobile-fullwidth\"><div class=\"vc_column-inner\"><div class=\"wpb_wrapper\"><div class=\"bg-white service-box featurebox34 pofo-featurebox featurebox34-3\" ><img loading=\"lazy\" decoding=\"async\" src=\"https:\/\/ostrategies.ca\/wp-content\/uploads\/2025\/10\/White-Paper-1920-x-1100-px-1.png\" width=\"1920\" height=\"1100\"  alt=\"\" srcset=\"https:\/\/ostrategies.ca\/wp-content\/uploads\/2025\/10\/White-Paper-1920-x-1100-px-1.png 1920w, https:\/\/ostrategies.ca\/wp-content\/uploads\/2025\/10\/White-Paper-1920-x-1100-px-1-300x172.png 300w, https:\/\/ostrategies.ca\/wp-content\/uploads\/2025\/10\/White-Paper-1920-x-1100-px-1-1024x587.png 1024w, https:\/\/ostrategies.ca\/wp-content\/uploads\/2025\/10\/White-Paper-1920-x-1100-px-1-768x440.png 768w, https:\/\/ostrategies.ca\/wp-content\/uploads\/2025\/10\/White-Paper-1920-x-1100-px-1-1536x880.png 1536w, https:\/\/ostrategies.ca\/wp-content\/uploads\/2025\/10\/White-Paper-1920-x-1100-px-1-18x10.png 18w, https:\/\/ostrategies.ca\/wp-content\/uploads\/2025\/10\/White-Paper-1920-x-1100-px-1-1200x688.png 1200w, https:\/\/ostrategies.ca\/wp-content\/uploads\/2025\/10\/White-Paper-1920-x-1100-px-1-120x69.png 120w, https:\/\/ostrategies.ca\/wp-content\/uploads\/2025\/10\/White-Paper-1920-x-1100-px-1-81x46.png 81w\" sizes=\"auto, (max-width: 1920px) 100vw, 1920px\" class=\"icon-image\"\/><div class=\"padding-45px-all sm-padding-15px-all inner-match-height\"><span class=\"text-extra-dark-gray font-weight-600 display-block alt-font margin-10px-bottom\">Livre blanc<\/span><div class=\"last-paragraph-no-margin\"><p>Plongez dans des livres blancs complets qui d\u00e9cortiquent des enjeux complexes et proposent des solutions concr\u00e8tes pour les organisations et les communaut\u00e9s.<\/p>\n<\/div><a class=\"btn btn-small btn-rounded btn-transparent-dark-gray margin-25px-top\" target=\"_self\" href=\"https:\/\/zwm.xqj.mybluehost.me\/white-paper\/\">D\u00e9couvrez-en plus<i class=\"ti-arrow-right\"><\/i><\/a><\/div><\/div><\/div><\/div><\/div><\/div><div class=\"vc_row wpb_row vc_inner vc_row-fluid  vc_custom_1755731884890 vc_row-o-content-middle vc_row-flex\"><div class=\"wpb_column vc_column_container vc_col-sm-4  col-xs-mobile-fullwidth\"><div class=\"vc_column-inner\"><div class=\"wpb_wrapper\"><\/div><\/div><\/div><div class=\"wpb_column vc_column_container vc_col-sm-4  col-xs-mobile-fullwidth\"><div class=\"vc_column-inner\"><div class=\"wpb_wrapper\"><div class=\"bg-white service-box featurebox34 pofo-featurebox featurebox34-4\" ><img loading=\"lazy\" decoding=\"async\" src=\"https:\/\/ostrategies.ca\/wp-content\/uploads\/2025\/06\/Website-blog-June-2025_Nouveau-Livres-Blanc-1920-x-1100-px.png\" width=\"1920\" height=\"1100\"  alt=\"\" srcset=\"https:\/\/ostrategies.ca\/wp-content\/uploads\/2025\/06\/Website-blog-June-2025_Nouveau-Livres-Blanc-1920-x-1100-px.png 1920w, https:\/\/ostrategies.ca\/wp-content\/uploads\/2025\/06\/Website-blog-June-2025_Nouveau-Livres-Blanc-1920-x-1100-px-300x172.png 300w, https:\/\/ostrategies.ca\/wp-content\/uploads\/2025\/06\/Website-blog-June-2025_Nouveau-Livres-Blanc-1920-x-1100-px-1024x587.png 1024w, https:\/\/ostrategies.ca\/wp-content\/uploads\/2025\/06\/Website-blog-June-2025_Nouveau-Livres-Blanc-1920-x-1100-px-768x440.png 768w, https:\/\/ostrategies.ca\/wp-content\/uploads\/2025\/06\/Website-blog-June-2025_Nouveau-Livres-Blanc-1920-x-1100-px-1536x880.png 1536w, https:\/\/ostrategies.ca\/wp-content\/uploads\/2025\/06\/Website-blog-June-2025_Nouveau-Livres-Blanc-1920-x-1100-px-1200x688.png 1200w, https:\/\/ostrategies.ca\/wp-content\/uploads\/2025\/06\/Website-blog-June-2025_Nouveau-Livres-Blanc-1920-x-1100-px-120x69.png 120w, https:\/\/ostrategies.ca\/wp-content\/uploads\/2025\/06\/Website-blog-June-2025_Nouveau-Livres-Blanc-1920-x-1100-px-81x46.png 81w\" sizes=\"auto, (max-width: 1920px) 100vw, 1920px\" class=\"icon-image\"\/><div class=\"padding-45px-all sm-padding-15px-all inner-match-height\"><span class=\"text-extra-dark-gray font-weight-600 display-block alt-font margin-10px-bottom\">Infolettre<\/span><div class=\"last-paragraph-no-margin\"><p>Explorez notre infolettre et recevez en primeur des nouvelles, des strat\u00e9gies et des ressources exclusives.<\/p>\n<\/div><a class=\"btn btn-small btn-rounded btn-transparent-dark-gray margin-25px-top\" target=\"_self\" href=\"https:\/\/zwm.xqj.mybluehost.me\/newsletter\/\">D\u00e9couvrez-en plus<i class=\"ti-arrow-right\"><\/i><\/a><\/div><\/div><\/div><\/div><\/div><div class=\"wpb_column vc_column_container vc_col-sm-4  col-xs-mobile-fullwidth\"><div class=\"vc_column-inner\"><div class=\"wpb_wrapper\"><\/div><\/div><\/div><\/div><\/div><\/div><\/div><\/section><div class=\"vc_row-full-width vc_clearfix\"><\/div>\n<\/div>","protected":false},"excerpt":{"rendered":"Your Hub for Transformative Insights &amp; Tools Explore curated content, expert tools, and actionable ideas designed for changemakers, leaders, and purpose-driven communities. The resources below equip you to navigate complexity, spark innovation, and create lasting impact. BlogsGet inspired with blogs packed with practical advice, thought leadership, and real-world stories about navigating change and building resilient teams. Read the BlogToolsAccess proven frameworks, worksheets, and interactive resources to help you strategize, lead, and collaborate more effectively. Explore ToolsWhite PaperDive into comprehensive white papers that unpack complex problems and reveal actionable solutions for organizations and communities. Find out moreNewsletterExplore our newsletter to receive the latest updates, strategies, and exclusive resources Find out more","protected":false},"author":1,"featured_media":0,"parent":0,"menu_order":0,"comment_status":"closed","ping_status":"closed","template":"","meta":{"nf_dc_page":"","footnotes":""},"class_list":["post-23453","page","type-page","status-publish","hentry"],"yoast_head":"<!-- This site is optimized with the Yoast SEO plugin v27.3 - https:\/\/yoast.com\/product\/yoast-seo-wordpress\/ -->\n<title>Our Resources | O Strategies<\/title>\n<meta name=\"robots\" content=\"index, follow, max-snippet:-1, max-image-preview:large, max-video-preview:-1\" \/>\n<link rel=\"canonical\" href=\"https:\/\/ostrategies.ca\/fr\/resources\/\" \/>\n<meta property=\"og:locale\" content=\"fr_FR\" \/>\n<meta property=\"og:type\" content=\"article\" \/>\n<meta property=\"og:title\" content=\"Our Resources | O Strategies\" \/>\n<meta property=\"og:url\" content=\"https:\/\/ostrategies.ca\/fr\/resources\/\" \/>\n<meta property=\"og:site_name\" content=\"O Strategies\" \/>\n<meta property=\"article:publisher\" content=\"https:\/\/www.facebook.com\/OStrategies\" \/>\n<meta property=\"article:modified_time\" content=\"2025-10-01T15:51:32+00:00\" \/>\n<meta property=\"og:image\" content=\"https:\/\/ostrategies.ca\/wp-content\/uploads\/2025\/08\/O-Strategie-May24-80-scaled.webp\" \/>\n\t<meta property=\"og:image:width\" content=\"2560\" \/>\n\t<meta property=\"og:image:height\" content=\"1707\" \/>\n\t<meta property=\"og:image:type\" content=\"image\/webp\" \/>\n<meta name=\"twitter:card\" content=\"summary_large_image\" \/>\n<meta name=\"twitter:label1\" content=\"Dur\u00e9e de lecture estim\u00e9e\" \/>\n\t<meta name=\"twitter:data1\" content=\"3 minutes\" \/>\n<script type=\"application\/ld+json\" class=\"yoast-schema-graph\">{\"@context\":\"https:\\\/\\\/schema.org\",\"@graph\":[{\"@type\":\"WebPage\",\"@id\":\"https:\\\/\\\/ostrategies.ca\\\/resources\\\/\",\"url\":\"https:\\\/\\\/ostrategies.ca\\\/resources\\\/\",\"name\":\"Our Resources | O Strategies\",\"isPartOf\":{\"@id\":\"https:\\\/\\\/ostrategies.ca\\\/#website\"},\"datePublished\":\"2025-08-20T23:04:18+00:00\",\"dateModified\":\"2025-10-01T15:51:32+00:00\",\"breadcrumb\":{\"@id\":\"https:\\\/\\\/ostrategies.ca\\\/resources\\\/#breadcrumb\"},\"inLanguage\":\"fr-FR\",\"potentialAction\":[{\"@type\":\"ReadAction\",\"target\":[\"https:\\\/\\\/ostrategies.ca\\\/resources\\\/\"]}]},{\"@type\":\"BreadcrumbList\",\"@id\":\"https:\\\/\\\/ostrategies.ca\\\/resources\\\/#breadcrumb\",\"itemListElement\":[{\"@type\":\"ListItem\",\"position\":1,\"name\":\"Home\",\"item\":\"https:\\\/\\\/ostrategies.ca\\\/\"},{\"@type\":\"ListItem\",\"position\":2,\"name\":\"Our Resources\"}]},{\"@type\":\"WebSite\",\"@id\":\"https:\\\/\\\/ostrategies.ca\\\/#website\",\"url\":\"https:\\\/\\\/ostrategies.ca\\\/\",\"name\":\"O Strategies\",\"description\":\"Strategy and organizational development for impact-driven organizations\",\"publisher\":{\"@id\":\"https:\\\/\\\/ostrategies.ca\\\/#organization\"},\"potentialAction\":[{\"@type\":\"SearchAction\",\"target\":{\"@type\":\"EntryPoint\",\"urlTemplate\":\"https:\\\/\\\/ostrategies.ca\\\/?s={search_term_string}\"},\"query-input\":{\"@type\":\"PropertyValueSpecification\",\"valueRequired\":true,\"valueName\":\"search_term_string\"}}],\"inLanguage\":\"fr-FR\"},{\"@type\":\"Organization\",\"@id\":\"https:\\\/\\\/ostrategies.ca\\\/#organization\",\"name\":\"O Strategies\",\"url\":\"https:\\\/\\\/ostrategies.ca\\\/\",\"logo\":{\"@type\":\"ImageObject\",\"inLanguage\":\"fr-FR\",\"@id\":\"https:\\\/\\\/ostrategies.ca\\\/#\\\/schema\\\/logo\\\/image\\\/\",\"url\":\"https:\\\/\\\/ostrategies.ca\\\/wp-content\\\/uploads\\\/2026\\\/04\\\/O-Strategies-jaune-transparent.webp\",\"contentUrl\":\"https:\\\/\\\/ostrategies.ca\\\/wp-content\\\/uploads\\\/2026\\\/04\\\/O-Strategies-jaune-transparent.webp\",\"width\":1801,\"height\":390,\"caption\":\"O Strategies\"},\"image\":{\"@id\":\"https:\\\/\\\/ostrategies.ca\\\/#\\\/schema\\\/logo\\\/image\\\/\"},\"sameAs\":[\"https:\\\/\\\/www.facebook.com\\\/OStrategies\",\"https:\\\/\\\/www.instagram.com\\\/ostrategies\\\/\",\"https:\\\/\\\/www.linkedin.com\\\/company\\\/ostrategies\\\/posts\\\/?feedView=all\"]}]}<\/script>\n<!-- \/ Yoast SEO plugin. -->","yoast_head_json":{"title":"Our Resources | O Strategies","robots":{"index":"index","follow":"follow","max-snippet":"max-snippet:-1","max-image-preview":"max-image-preview:large","max-video-preview":"max-video-preview:-1"},"canonical":"https:\/\/ostrategies.ca\/fr\/resources\/","og_locale":"fr_FR","og_type":"article","og_title":"Our Resources | O Strategies","og_url":"https:\/\/ostrategies.ca\/fr\/resources\/","og_site_name":"O Strategies","article_publisher":"https:\/\/www.facebook.com\/OStrategies","article_modified_time":"2025-10-01T15:51:32+00:00","og_image":[{"width":2560,"height":1707,"url":"https:\/\/ostrategies.ca\/wp-content\/uploads\/2025\/08\/O-Strategie-May24-80-scaled.webp","type":"image\/webp"}],"twitter_card":"summary_large_image","twitter_misc":{"Dur\u00e9e de lecture estim\u00e9e":"3 minutes"},"schema":{"@context":"https:\/\/schema.org","@graph":[{"@type":"WebPage","@id":"https:\/\/ostrategies.ca\/resources\/","url":"https:\/\/ostrategies.ca\/resources\/","name":"Our Resources | O Strategies","isPartOf":{"@id":"https:\/\/ostrategies.ca\/#website"},"datePublished":"2025-08-20T23:04:18+00:00","dateModified":"2025-10-01T15:51:32+00:00","breadcrumb":{"@id":"https:\/\/ostrategies.ca\/resources\/#breadcrumb"},"inLanguage":"fr-FR","potentialAction":[{"@type":"ReadAction","target":["https:\/\/ostrategies.ca\/resources\/"]}]},{"@type":"BreadcrumbList","@id":"https:\/\/ostrategies.ca\/resources\/#breadcrumb","itemListElement":[{"@type":"ListItem","position":1,"name":"Home","item":"https:\/\/ostrategies.ca\/"},{"@type":"ListItem","position":2,"name":"Our Resources"}]},{"@type":"WebSite","@id":"https:\/\/ostrategies.ca\/#website","url":"https:\/\/ostrategies.ca\/","name":"O Strategies","description":"Strategy and organizational development for impact-driven organizations","publisher":{"@id":"https:\/\/ostrategies.ca\/#organization"},"potentialAction":[{"@type":"SearchAction","target":{"@type":"EntryPoint","urlTemplate":"https:\/\/ostrategies.ca\/?s={search_term_string}"},"query-input":{"@type":"PropertyValueSpecification","valueRequired":true,"valueName":"search_term_string"}}],"inLanguage":"fr-FR"},{"@type":"Organization","@id":"https:\/\/ostrategies.ca\/#organization","name":"O Strategies","url":"https:\/\/ostrategies.ca\/","logo":{"@type":"ImageObject","inLanguage":"fr-FR","@id":"https:\/\/ostrategies.ca\/#\/schema\/logo\/image\/","url":"https:\/\/ostrategies.ca\/wp-content\/uploads\/2026\/04\/O-Strategies-jaune-transparent.webp","contentUrl":"https:\/\/ostrategies.ca\/wp-content\/uploads\/2026\/04\/O-Strategies-jaune-transparent.webp","width":1801,"height":390,"caption":"O Strategies"},"image":{"@id":"https:\/\/ostrategies.ca\/#\/schema\/logo\/image\/"},"sameAs":["https:\/\/www.facebook.com\/OStrategies","https:\/\/www.instagram.com\/ostrategies\/","https:\/\/www.linkedin.com\/company\/ostrategies\/posts\/?feedView=all"]}]}},"_links":{"self":[{"href":"https:\/\/ostrategies.ca\/fr\/wp-json\/wp\/v2\/pages\/23453","targetHints":{"allow":["GET"]}}],"collection":[{"href":"https:\/\/ostrategies.ca\/fr\/wp-json\/wp\/v2\/pages"}],"about":[{"href":"https:\/\/ostrategies.ca\/fr\/wp-json\/wp\/v2\/types\/page"}],"author":[{"embeddable":true,"href":"https:\/\/ostrategies.ca\/fr\/wp-json\/wp\/v2\/users\/1"}],"replies":[{"embeddable":true,"href":"https:\/\/ostrategies.ca\/fr\/wp-json\/wp\/v2\/comments?post=23453"}],"version-history":[{"count":14,"href":"https:\/\/ostrategies.ca\/fr\/wp-json\/wp\/v2\/pages\/23453\/revisions"}],"predecessor-version":[{"id":23651,"href":"https:\/\/ostrategies.ca\/fr\/wp-json\/wp\/v2\/pages\/23453\/revisions\/23651"}],"wp:attachment":[{"href":"https:\/\/ostrategies.ca\/fr\/wp-json\/wp\/v2\/media?parent=23453"}],"curies":[{"name":"wp","href":"https:\/\/api.w.org\/{rel}","templated":true}]}}