{"id":3214,"date":"2017-07-14T06:49:46","date_gmt":"2017-07-14T06:49:46","guid":{"rendered":"https:\/\/pofo.themezaa.com\/?page_id=3214"},"modified":"2025-11-17T13:22:16","modified_gmt":"2025-11-17T13:22:16","slug":"services","status":"publish","type":"page","link":"https:\/\/ostrategies.ca\/fr\/services\/","title":{"rendered":"Nos services"},"content":{"rendered":"<div class=\"wpb-content-wrapper\"><section data-vc-full-width=\"true\" data-vc-full-width-init=\"false\" class=\"vc_row wpb_row vc_row-fluid  vc_custom_1755798473924 vc_row-has-fill pofo-stretch-content pofo-stretch-row-container\"><div class=\"wpb_column vc_column_container vc_col-sm-12  col-xs-mobile-fullwidth\"><div class=\"vc_column-inner\"><div class=\"wpb_wrapper\"><div class=\"vc_row wpb_row vc_inner vc_row-fluid  vc_custom_1755732185666\"><div class=\"wpb_column vc_column_container vc_col-sm-1  col-xs-mobile-fullwidth\"><div class=\"vc_column-inner\"><div class=\"wpb_wrapper\"><\/div><\/div><\/div><div class=\"wpb_column vc_column_container vc_col-sm-10  col-xs-mobile-fullwidth\"><div class=\"vc_column-inner\"><div class=\"wpb_wrapper\">\n\t<div class=\"wpb_raw_code wpb_raw_html wpb_content_element\" >\n\t\t<div class=\"wpb_wrapper\">\n\t\t\t<style type=\"text\/css\" data-type=\"vc_shortcodes-custom-css\">.vc_custom_1751280948021{background-color: #F6F4ED !important;}.vc_custom_1751280961984{padding-top: 30px !important;background-color: #F6F4ED !important;}.vc_custom_1755798473924{padding-top: 50px !important;background-color: #F6F4ED !important;}.vc_custom_1747857478602{margin-top: 50px !important;margin-bottom: 50px !important;}.vc_custom_1747857497513{margin-bottom: 50px !important;}.vc_custom_1747857513290{margin-bottom: 50px !important;}.vc_custom_1749205597275{margin-bottom: 5px !important;}.vc_custom_1747395222012{margin-bottom: 20px !important;}.vc_custom_1747857530445{margin-top: 50px !important;margin-bottom: 50px !important;}.vc_custom_1749206419346{margin-bottom: 50px !important;}.vc_custom_1747814395789{margin-top: 60px !important;margin-bottom: 30px !important;}.vc_custom_1749205739243{margin-bottom: 5px !important;}.vc_custom_1747857530445{margin-top: 50px !important;margin-bottom: 50px !important;}.vc_custom_1749206444930{margin-bottom: 50px !important;}.vc_custom_1749206449570{margin-bottom: 50px !important;}.vc_custom_1749206367722{margin-bottom: 5px !important;}.vc_custom_1749206704892{margin-top: 20px !important;margin-bottom: 20px !important;}.vc_custom_1749206798123{margin-top: 20px !important;}.vc_custom_1755732185666{margin-bottom: 50px !important;}.vc_custom_1755799114805{margin-bottom: 50px !important;}<\/style>\n\t\t<\/div>\n\t<\/div>\n<div class=\"last-paragraph-no-margin\"><h5 class=\"no-margin-bottom text-extra-dark-gray font-weight-600\" style=\"text-align: center;\"><b>Renforcer la r\u00e9silience des \u00e9quipes. Naviguer le changement. Cr\u00e9er de l\u2019impact.<\/b><\/h5>\n<p style=\"text-align: center;\"><span style=\"font-weight: 400;\">Chez O Strat\u00e9gies, nous accompagnons les organisations, les leaders du changement et les communaut\u00e9s dans la navigation de la complexit\u00e9 pour lib\u00e9rer tout leur potentiel. Que vous traversiez une p\u00e9riode d\u2019incertitude, construisiez un milieu de travail inclusif ou d\u00e9veloppiez une strat\u00e9gie communautaire, nous vous offrons la clart\u00e9, les outils et le soutien n\u00e9cessaires pour \u00e9voluer \u00e0 travers le changement.<\/span><\/p>\n<\/div><\/div><\/div><\/div><div class=\"wpb_column vc_column_container vc_col-sm-1  col-xs-mobile-fullwidth\"><div class=\"vc_column-inner\"><div class=\"wpb_wrapper\"><\/div><\/div><\/div><\/div><div class=\"vc_row wpb_row vc_inner vc_row-fluid  vc_custom_1755799114805 vc_row-o-equal-height vc_row-flex\"><div class=\"wpb_column vc_column_container vc_col-sm-4  col-xs-mobile-fullwidth\"><div class=\"vc_column-inner\"><div class=\"wpb_wrapper\"><div class=\"bg-white service-box featurebox34 pofo-featurebox featurebox34-1\" ><img loading=\"lazy\" decoding=\"async\" src=\"https:\/\/ostrategies.ca\/wp-content\/uploads\/2025\/07\/Speaking_Services_Page.webp\" width=\"360\" height=\"240\"  alt=\"\" srcset=\"https:\/\/ostrategies.ca\/wp-content\/uploads\/2025\/07\/Speaking_Services_Page.webp 360w, https:\/\/ostrategies.ca\/wp-content\/uploads\/2025\/07\/Speaking_Services_Page-300x200.webp 300w, https:\/\/ostrategies.ca\/wp-content\/uploads\/2025\/07\/Speaking_Services_Page-18x12.webp 18w, https:\/\/ostrategies.ca\/wp-content\/uploads\/2025\/07\/Speaking_Services_Page-120x80.webp 120w, https:\/\/ostrategies.ca\/wp-content\/uploads\/2025\/07\/Speaking_Services_Page-81x54.webp 81w\" sizes=\"auto, (max-width: 360px) 100vw, 360px\" class=\"icon-image\"\/><div class=\"padding-45px-all sm-padding-15px-all inner-match-height\"><span class=\"text-extra-dark-gray font-weight-600 display-block alt-font margin-10px-bottom\">CONF\u00c9RENCE : CONF\u00c9RENCES &amp; ATELIERS<\/span><div class=\"last-paragraph-no-margin\"><p>&nbsp;<\/p>\n<p style=\"text-align: left;\"><b>Invitez Myriane Ouellette<\/b><strong>\u00a0\u2013 Conf\u00e9renci\u00e8re. Strat\u00e8ge. Catalyseure de changement.<\/strong><\/p>\n<p style=\"text-align: left;\"><span style=\"font-weight: 400;\">Animez votre prochain \u00e9v\u00e9nement avec des conf\u00e9rences et ateliers percutants qui inspirent r\u00e9flexion et action.\nMyriane propose des interventions puissantes sur :<\/span><\/p>\n<ul style=\"text-align: left;\">\n<li style=\"font-weight: 400;\" aria-level=\"1\"><strong>B\u00e2tir des \u00e9quipes r\u00e9silientes en p\u00e9riode de changement<\/strong><\/li>\n<li style=\"font-weight: 400;\" aria-level=\"1\"><strong>Leadership inclusif et prospective strat\u00e9gique<\/strong><\/li>\n<li style=\"font-weight: 400;\" aria-level=\"1\"><strong>Changement syst\u00e9mique<\/strong><\/li>\n<li style=\"font-weight: 400;\" aria-level=\"1\"><strong>Mod\u00e8les de d\u00e9veloppement communautaire<\/strong><\/li>\n<\/ul>\n<p>&nbsp;<\/p>\n<p style=\"text-align: left;\"><i><span style=\"font-weight: 400;\">Id\u00e9al pour les congr\u00e8s, retraites de leadership et rencontres d\u2019\u00e9quipe.<\/span><\/i><\/p>\n<\/div><a class=\"btn btn-small btn-rounded btn-transparent-dark-gray margin-25px-top\" target=\"_self\" href=\"https:\/\/ostrategies.ca\/fr\/services\/speaking\/\">En savoir plus<i class=\"ti-arrow-right\"><\/i><\/a><\/div><\/div><\/div><\/div><\/div><div class=\"wpb_column vc_column_container vc_col-sm-4  col-xs-mobile-fullwidth\"><div class=\"vc_column-inner\"><div class=\"wpb_wrapper\"><div class=\"bg-white service-box featurebox34 pofo-featurebox featurebox34-2\" ><img loading=\"lazy\" decoding=\"async\" src=\"https:\/\/ostrategies.ca\/wp-content\/uploads\/2025\/08\/360-x-240-px.png\" width=\"360\" height=\"240\"  alt=\"\" srcset=\"https:\/\/ostrategies.ca\/wp-content\/uploads\/2025\/08\/360-x-240-px.png 360w, https:\/\/ostrategies.ca\/wp-content\/uploads\/2025\/08\/360-x-240-px-300x200.png 300w, https:\/\/ostrategies.ca\/wp-content\/uploads\/2025\/08\/360-x-240-px-18x12.png 18w, https:\/\/ostrategies.ca\/wp-content\/uploads\/2025\/08\/360-x-240-px-120x80.png 120w, https:\/\/ostrategies.ca\/wp-content\/uploads\/2025\/08\/360-x-240-px-81x54.png 81w\" sizes=\"auto, (max-width: 360px) 100vw, 360px\" class=\"icon-image\"\/><div class=\"padding-45px-all sm-padding-15px-all inner-match-height\"><span class=\"text-extra-dark-gray font-weight-600 display-block alt-font margin-10px-bottom\">CONSULTATION : STRAT\u00c9GIE ORGANISATIONNELLE &amp; TRANSFORMATION<\/span><div class=\"last-paragraph-no-margin\"><p>&nbsp;<\/p>\n<p><b>D\u00e9couvrez des outils simples qui parlent d'enjeux complexe.<\/b><\/p>\n<p><span style=\"font-weight: 400;\">Nous aidons les organisations \u00e0 aligner leurs \u00e9quipes, leurs processus et leur mission pour amplifier leur impact.<\/span><\/p>\n<ul>\n<li style=\"font-weight: 400;\" aria-level=\"1\"><span style=\"font-weight: 400;\"><strong>Planification strat\u00e9gique \u2013<\/strong> Co-cr\u00e9ez des feuilles de route et ma\u00eetrisez des outils concrets qui inspirent l\u2019action et g\u00e9n\u00e8rent des r\u00e9sultats.<\/span><\/li>\n<li style=\"font-weight: 400;\" aria-level=\"1\"><span style=\"font-weight: 400;\"><strong>D\u00e9veloppement organisationnel \u2013<\/strong> Structurez votre culture et renforcez vos capacit\u00e9s pour assurer une croissance durable.<\/span><\/li>\n<li style=\"font-weight: 400;\" aria-level=\"1\"><span style=\"font-weight: 400;\"><strong>D\u00e9veloppement et mobilisation communautaire \u2013<\/strong> Design inclusive strategies for, by and with community.<\/span><span style=\"font-weight: 400;\"><br \/>\n<\/span><\/li>\n<\/ul>\n<p>&nbsp;<\/p>\n<p><i><span style=\"font-weight: 400;\">Nous sommes sp\u00e9cialis\u00e9s en collaboration intersectorielle, syst\u00e8mes publics et entreprises sociales.<\/span><\/i><\/p>\n<\/div><a class=\"btn btn-small btn-rounded btn-transparent-dark-gray margin-25px-top\" target=\"_self\" href=\"https:\/\/ostrategies.ca\/fr\/services\/consulting\/\">En savoir plus<i class=\"ti-arrow-right\"><\/i><\/a><\/div><\/div><\/div><\/div><\/div><div class=\"wpb_column vc_column_container vc_col-sm-4  col-xs-mobile-fullwidth\"><div class=\"vc_column-inner\"><div class=\"wpb_wrapper\"><div class=\"bg-white service-box featurebox34 pofo-featurebox featurebox34-3\" ><img loading=\"lazy\" decoding=\"async\" src=\"https:\/\/ostrategies.ca\/wp-content\/uploads\/2025\/07\/Training_Services-Page.webp\" width=\"360\" height=\"240\"  alt=\"\" srcset=\"https:\/\/ostrategies.ca\/wp-content\/uploads\/2025\/07\/Training_Services-Page.webp 360w, https:\/\/ostrategies.ca\/wp-content\/uploads\/2025\/07\/Training_Services-Page-300x200.webp 300w, https:\/\/ostrategies.ca\/wp-content\/uploads\/2025\/07\/Training_Services-Page-18x12.webp 18w, https:\/\/ostrategies.ca\/wp-content\/uploads\/2025\/07\/Training_Services-Page-120x80.webp 120w, https:\/\/ostrategies.ca\/wp-content\/uploads\/2025\/07\/Training_Services-Page-81x54.webp 81w\" sizes=\"auto, (max-width: 360px) 100vw, 360px\" class=\"icon-image\"\/><div class=\"padding-45px-all sm-padding-15px-all inner-match-height\"><span class=\"text-extra-dark-gray font-weight-600 display-block alt-font margin-10px-bottom\">FORMATION : PROGRAMMES SUR MESURE<\/span><div class=\"last-paragraph-no-margin\"><p>&nbsp;<\/p>\n<p><b>Outillez votre \u00e9quipe pour cr\u00e9er du changement.<\/b><\/p>\n<ul>\n<li style=\"font-weight: 400;\" aria-level=\"1\"><b>Leadership bas\u00e9 sur les valeurs <span style=\"font-weight: 400;\"><strong>\u2013<\/strong><\/span><\/b><span style=\"font-weight: 400;\">\u00a0Dirigez avec clart\u00e9, intention et int\u00e9grit\u00e9.<\/span><\/li>\n<li style=\"font-weight: 400;\" aria-level=\"1\"><b>B\u00e2tir des \u00e9quipes r\u00e9silientes pour le changement<\/b><span style=\"font-weight: 400;\"><strong> \u2013<\/strong> Renforcez vos \u00e9quipes pour plus d\u2019agilit\u00e9 et d\u2019efficacit\u00e9.<\/span><\/li>\n<li style=\"font-weight: 400;\" aria-level=\"1\"><b>La planification strat\u00e9gique avec la m\u00e9thode ART : Analyser. Repenser. Transformer.<\/b><span style=\"font-weight: 400;\"> <strong>\u2013<\/strong> Apprenez \u00e0 votre rythme notre strat\u00e9gie ART qui a d\u00e9j\u00e0 aid\u00e9 des dizaines d'organisations \u00e0 transformer la complexit\u00e9 en actions.<\/span><\/li>\n<\/ul>\n<p>&nbsp;<\/p>\n<p><span style=\"font-weight: 400;\">\u00a0<\/span><i><span style=\"font-weight: 400;\">Formations disponibles en ligne (bient\u00f4t!), en mode hybride ou en pr\u00e9sentiel.<\/span><\/i><\/p>\n<\/div><a class=\"btn btn-small btn-rounded btn-transparent-dark-gray margin-25px-top\" target=\"_self\" href=\"https:\/\/ostrategies.ca\/fr\/services\/training\/\">En savoir plus<i class=\"ti-arrow-right\"><\/i><\/a><\/div><\/div><\/div><\/div><\/div><\/div><\/div><\/div><\/div><\/section><div class=\"vc_row-full-width vc_clearfix\"><\/div>\n<\/div>","protected":false},"excerpt":{"rendered":"Build Resilient Teams. Lead Through Change. Create Impact. At O Strategies, we help organizations, changemakers, and communities navigate complexity and unlock their full potential. Whether you're leading through uncertainty, building an inclusive workplace, or shaping a community strategy, we deliver the clarity, tools, and support you need to thrive through change. SPEAKING: KEYNOTES & WORKSHOPS&nbsp; Book Myriane Ouellette\u00a0\u2013 Speaker. Strategist. Changemaker. Ignite your next event with keynote talks and workshops designed to move minds and hearts. Myriane delivers powerful sessions on: Building Resilient Teams in Times of Change Inclusive Leadership &amp; Strategic Foresight Resilient Entrepreneurship &amp; Systems Thinking Community Development models for Collective Impact &nbsp; Perfect for conferences, leadership retreats, and team off-sites. Explore servicesCONSULTING: ORGANIZATIONAL STRATEGY & TRANSFORMATION&nbsp; Simple tools for complex problems. We help organizations align their teams, processes, and purpose to scale impact. Strategic Planning \u2013 Co-create roadmaps and master tools that inspire action and drive results. Organizational Development \u2013 Build structure, culture, and capacity for sustainable growth. Community Development &amp; Engagement \u2013 Design inclusive strategies for, by and with community. &nbsp; We specialize in cross-sector collaboration, public systems, and social enterprises. Explore servicesTRAINING: CUSTOM PROGRAMS&nbsp; Equip your team with the mindset and tools to lead change....","protected":false},"author":1,"featured_media":0,"parent":0,"menu_order":0,"comment_status":"closed","ping_status":"closed","template":"","meta":{"nf_dc_page":"","footnotes":""},"class_list":["post-3214","page","type-page","status-publish","hentry"],"yoast_head":"<!-- This site is optimized with the Yoast SEO plugin v27.3 - https:\/\/yoast.com\/product\/yoast-seo-wordpress\/ -->\n<title>Our Services | O Strategies<\/title>\n<meta name=\"robots\" content=\"index, follow, max-snippet:-1, max-image-preview:large, max-video-preview:-1\" \/>\n<link rel=\"canonical\" href=\"https:\/\/ostrategies.ca\/fr\/services\/\" \/>\n<meta property=\"og:locale\" content=\"fr_FR\" \/>\n<meta property=\"og:type\" content=\"article\" \/>\n<meta property=\"og:title\" content=\"Our Services | O Strategies\" \/>\n<meta property=\"og:url\" content=\"https:\/\/ostrategies.ca\/fr\/services\/\" \/>\n<meta property=\"og:site_name\" content=\"O Strategies\" \/>\n<meta property=\"article:publisher\" content=\"https:\/\/www.facebook.com\/OStrategies\" \/>\n<meta property=\"article:modified_time\" content=\"2025-11-17T13:22:16+00:00\" \/>\n<meta property=\"og:image\" content=\"https:\/\/ostrategies.ca\/wp-content\/uploads\/2025\/08\/O-Strategie-May24-80-scaled.webp\" \/>\n\t<meta property=\"og:image:width\" content=\"2560\" \/>\n\t<meta property=\"og:image:height\" content=\"1707\" \/>\n\t<meta property=\"og:image:type\" content=\"image\/webp\" \/>\n<meta name=\"twitter:card\" content=\"summary_large_image\" \/>\n<meta name=\"twitter:label1\" content=\"Dur\u00e9e de lecture estim\u00e9e\" \/>\n\t<meta name=\"twitter:data1\" content=\"14 minutes\" \/>\n<script type=\"application\/ld+json\" class=\"yoast-schema-graph\">{\"@context\":\"https:\\\/\\\/schema.org\",\"@graph\":[{\"@type\":\"WebPage\",\"@id\":\"https:\\\/\\\/ostrategies.ca\\\/services\\\/\",\"url\":\"https:\\\/\\\/ostrategies.ca\\\/services\\\/\",\"name\":\"Our Services | O Strategies\",\"isPartOf\":{\"@id\":\"https:\\\/\\\/ostrategies.ca\\\/#website\"},\"datePublished\":\"2017-07-14T06:49:46+00:00\",\"dateModified\":\"2025-11-17T13:22:16+00:00\",\"breadcrumb\":{\"@id\":\"https:\\\/\\\/ostrategies.ca\\\/services\\\/#breadcrumb\"},\"inLanguage\":\"fr-FR\",\"potentialAction\":[{\"@type\":\"ReadAction\",\"target\":[\"https:\\\/\\\/ostrategies.ca\\\/services\\\/\"]}]},{\"@type\":\"BreadcrumbList\",\"@id\":\"https:\\\/\\\/ostrategies.ca\\\/services\\\/#breadcrumb\",\"itemListElement\":[{\"@type\":\"ListItem\",\"position\":1,\"name\":\"Home\",\"item\":\"https:\\\/\\\/ostrategies.ca\\\/\"},{\"@type\":\"ListItem\",\"position\":2,\"name\":\"Our Services\"}]},{\"@type\":\"WebSite\",\"@id\":\"https:\\\/\\\/ostrategies.ca\\\/#website\",\"url\":\"https:\\\/\\\/ostrategies.ca\\\/\",\"name\":\"O Strategies\",\"description\":\"Strategy and organizational development for impact-driven organizations\",\"publisher\":{\"@id\":\"https:\\\/\\\/ostrategies.ca\\\/#organization\"},\"potentialAction\":[{\"@type\":\"SearchAction\",\"target\":{\"@type\":\"EntryPoint\",\"urlTemplate\":\"https:\\\/\\\/ostrategies.ca\\\/?s={search_term_string}\"},\"query-input\":{\"@type\":\"PropertyValueSpecification\",\"valueRequired\":true,\"valueName\":\"search_term_string\"}}],\"inLanguage\":\"fr-FR\"},{\"@type\":\"Organization\",\"@id\":\"https:\\\/\\\/ostrategies.ca\\\/#organization\",\"name\":\"O Strategies\",\"url\":\"https:\\\/\\\/ostrategies.ca\\\/\",\"logo\":{\"@type\":\"ImageObject\",\"inLanguage\":\"fr-FR\",\"@id\":\"https:\\\/\\\/ostrategies.ca\\\/#\\\/schema\\\/logo\\\/image\\\/\",\"url\":\"https:\\\/\\\/ostrategies.ca\\\/wp-content\\\/uploads\\\/2026\\\/04\\\/O-Strategies-jaune-transparent.webp\",\"contentUrl\":\"https:\\\/\\\/ostrategies.ca\\\/wp-content\\\/uploads\\\/2026\\\/04\\\/O-Strategies-jaune-transparent.webp\",\"width\":1801,\"height\":390,\"caption\":\"O Strategies\"},\"image\":{\"@id\":\"https:\\\/\\\/ostrategies.ca\\\/#\\\/schema\\\/logo\\\/image\\\/\"},\"sameAs\":[\"https:\\\/\\\/www.facebook.com\\\/OStrategies\",\"https:\\\/\\\/www.instagram.com\\\/ostrategies\\\/\",\"https:\\\/\\\/www.linkedin.com\\\/company\\\/ostrategies\\\/posts\\\/?feedView=all\"]}]}<\/script>\n<!-- \/ Yoast SEO plugin. -->","yoast_head_json":{"title":"Our Services | O Strategies","robots":{"index":"index","follow":"follow","max-snippet":"max-snippet:-1","max-image-preview":"max-image-preview:large","max-video-preview":"max-video-preview:-1"},"canonical":"https:\/\/ostrategies.ca\/fr\/services\/","og_locale":"fr_FR","og_type":"article","og_title":"Our Services | O Strategies","og_url":"https:\/\/ostrategies.ca\/fr\/services\/","og_site_name":"O Strategies","article_publisher":"https:\/\/www.facebook.com\/OStrategies","article_modified_time":"2025-11-17T13:22:16+00:00","og_image":[{"width":2560,"height":1707,"url":"https:\/\/ostrategies.ca\/wp-content\/uploads\/2025\/08\/O-Strategie-May24-80-scaled.webp","type":"image\/webp"}],"twitter_card":"summary_large_image","twitter_misc":{"Dur\u00e9e de lecture estim\u00e9e":"14 minutes"},"schema":{"@context":"https:\/\/schema.org","@graph":[{"@type":"WebPage","@id":"https:\/\/ostrategies.ca\/services\/","url":"https:\/\/ostrategies.ca\/services\/","name":"Our Services | O Strategies","isPartOf":{"@id":"https:\/\/ostrategies.ca\/#website"},"datePublished":"2017-07-14T06:49:46+00:00","dateModified":"2025-11-17T13:22:16+00:00","breadcrumb":{"@id":"https:\/\/ostrategies.ca\/services\/#breadcrumb"},"inLanguage":"fr-FR","potentialAction":[{"@type":"ReadAction","target":["https:\/\/ostrategies.ca\/services\/"]}]},{"@type":"BreadcrumbList","@id":"https:\/\/ostrategies.ca\/services\/#breadcrumb","itemListElement":[{"@type":"ListItem","position":1,"name":"Home","item":"https:\/\/ostrategies.ca\/"},{"@type":"ListItem","position":2,"name":"Our Services"}]},{"@type":"WebSite","@id":"https:\/\/ostrategies.ca\/#website","url":"https:\/\/ostrategies.ca\/","name":"O Strategies","description":"Strategy and organizational development for impact-driven organizations","publisher":{"@id":"https:\/\/ostrategies.ca\/#organization"},"potentialAction":[{"@type":"SearchAction","target":{"@type":"EntryPoint","urlTemplate":"https:\/\/ostrategies.ca\/?s={search_term_string}"},"query-input":{"@type":"PropertyValueSpecification","valueRequired":true,"valueName":"search_term_string"}}],"inLanguage":"fr-FR"},{"@type":"Organization","@id":"https:\/\/ostrategies.ca\/#organization","name":"O Strategies","url":"https:\/\/ostrategies.ca\/","logo":{"@type":"ImageObject","inLanguage":"fr-FR","@id":"https:\/\/ostrategies.ca\/#\/schema\/logo\/image\/","url":"https:\/\/ostrategies.ca\/wp-content\/uploads\/2026\/04\/O-Strategies-jaune-transparent.webp","contentUrl":"https:\/\/ostrategies.ca\/wp-content\/uploads\/2026\/04\/O-Strategies-jaune-transparent.webp","width":1801,"height":390,"caption":"O Strategies"},"image":{"@id":"https:\/\/ostrategies.ca\/#\/schema\/logo\/image\/"},"sameAs":["https:\/\/www.facebook.com\/OStrategies","https:\/\/www.instagram.com\/ostrategies\/","https:\/\/www.linkedin.com\/company\/ostrategies\/posts\/?feedView=all"]}]}},"_links":{"self":[{"href":"https:\/\/ostrategies.ca\/fr\/wp-json\/wp\/v2\/pages\/3214","targetHints":{"allow":["GET"]}}],"collection":[{"href":"https:\/\/ostrategies.ca\/fr\/wp-json\/wp\/v2\/pages"}],"about":[{"href":"https:\/\/ostrategies.ca\/fr\/wp-json\/wp\/v2\/types\/page"}],"author":[{"embeddable":true,"href":"https:\/\/ostrategies.ca\/fr\/wp-json\/wp\/v2\/users\/1"}],"replies":[{"embeddable":true,"href":"https:\/\/ostrategies.ca\/fr\/wp-json\/wp\/v2\/comments?post=3214"}],"version-history":[{"count":21,"href":"https:\/\/ostrategies.ca\/fr\/wp-json\/wp\/v2\/pages\/3214\/revisions"}],"predecessor-version":[{"id":23667,"href":"https:\/\/ostrategies.ca\/fr\/wp-json\/wp\/v2\/pages\/3214\/revisions\/23667"}],"wp:attachment":[{"href":"https:\/\/ostrategies.ca\/fr\/wp-json\/wp\/v2\/media?parent=3214"}],"curies":[{"name":"wp","href":"https:\/\/api.w.org\/{rel}","templated":true}]}}