{"id":5554,"date":"2017-08-08T10:06:23","date_gmt":"2017-08-08T10:06:23","guid":{"rendered":"https:\/\/pofo.themezaa.com\/?page_id=5554"},"modified":"2025-11-17T13:38:10","modified_gmt":"2025-11-17T13:38:10","slug":"about-us","status":"publish","type":"page","link":"https:\/\/ostrategies.ca\/fr\/about-us\/","title":{"rendered":"\u00c0 propos de nous"},"content":{"rendered":"<div class=\"wpb-content-wrapper\"><section class=\"vc_row wpb_row vc_row-fluid   wow fadeIn\"><div class=\"wpb_column vc_column_container vc_col-sm-12  col-xs-mobile-fullwidth\"><div class=\"vc_column-inner\"><div class=\"wpb_wrapper\"><div class=\"vc_row wpb_row vc_inner vc_row-fluid   vc_row-o-equal-height vc_row-o-content-middle vc_row-flex\"><div class=\"wpb_column vc_column_container vc_col-has-fill vc_col-sm-12 vc_col-md-6 vc_col-xs-12 wow fadeInLeft text-center pofo-column-responsive-69d84f6c0af30\"><div class=\"vc_column-inner cover-background vc_custom_1755723032095\"><div class=\"wpb_wrapper\">\n\t<div  class=\"wpb_single_image wpb_content_element vc_align_center wpb_content_element\">\n\t\t\n\t\t<figure class=\"wpb_wrapper vc_figure\">\n\t\t\t<div class=\"vc_single_image-wrapper vc_box_rounded  vc_box_border_grey\"><img loading=\"lazy\" decoding=\"async\" width=\"2202\" height=\"1707\" src=\"https:\/\/ostrategies.ca\/wp-content\/uploads\/2025\/08\/OStrategies-37-scaled-e1755722382850.webp\" class=\"vc_single_image-img attachment-full\" alt=\"\" title=\"OStrategies-37\" srcset=\"https:\/\/ostrategies.ca\/wp-content\/uploads\/2025\/08\/OStrategies-37-scaled-e1755722382850.webp 2202w, https:\/\/ostrategies.ca\/wp-content\/uploads\/2025\/08\/OStrategies-37-scaled-e1755722382850-300x233.webp 300w, https:\/\/ostrategies.ca\/wp-content\/uploads\/2025\/08\/OStrategies-37-scaled-e1755722382850-1024x794.webp 1024w, https:\/\/ostrategies.ca\/wp-content\/uploads\/2025\/08\/OStrategies-37-scaled-e1755722382850-768x595.webp 768w, https:\/\/ostrategies.ca\/wp-content\/uploads\/2025\/08\/OStrategies-37-scaled-e1755722382850-1536x1191.webp 1536w, https:\/\/ostrategies.ca\/wp-content\/uploads\/2025\/08\/OStrategies-37-scaled-e1755722382850-2048x1588.webp 2048w, https:\/\/ostrategies.ca\/wp-content\/uploads\/2025\/08\/OStrategies-37-scaled-e1755722382850-15x12.webp 15w, https:\/\/ostrategies.ca\/wp-content\/uploads\/2025\/08\/OStrategies-37-scaled-e1755722382850-995x771.webp 995w, https:\/\/ostrategies.ca\/wp-content\/uploads\/2025\/08\/OStrategies-37-scaled-e1755722382850-120x93.webp 120w, https:\/\/ostrategies.ca\/wp-content\/uploads\/2025\/08\/OStrategies-37-scaled-e1755722382850-81x63.webp 81w\" sizes=\"auto, (max-width: 2202px) 100vw, 2202px\" \/><\/div>\n\t\t<\/figure>\n\t<\/div>\n<\/div><\/div><\/div><div class=\"wpb_column vc_column_container vc_col-sm-12 vc_col-md-6 vc_col-xs-12 wow fadeInRight sm-text-center pofo-column-responsive-69d84f6c0b23f\"><div class=\"vc_column-inner vc_custom_1755722845293\"><div class=\"wpb_wrapper\"><div class=\"last-paragraph-no-margin\"><p><span style=\"font-weight: 400;\">O Strat\u00e9gies est une firme de consultation bilingue, bas\u00e9e \u00e0 Moncton, au Nouveau-Brunswick. Fond\u00e9e en 2019 par Myriane Ouellette, la firme travaille partout au Canada \u2013 avec une pr\u00e9sence marqu\u00e9e dans les provinces de l\u2019Atlantique \u2013 pour soutenir les organisations, les institutions publiques et les groupes communautaires dans la cr\u00e9ation d\u2019\u00e9quipes r\u00e9silientes, le leadership en p\u00e9riode de changement, et la g\u00e9n\u00e9ration d\u2019impact durable.<\/span><\/p>\n<p><span style=\"font-weight: 400;\">O Strat\u00e9gies est reconnue pour sa capacit\u00e9 \u00e0 faire le pont entre les r\u00e9alit\u00e9s de terrain et les syst\u00e8mes de gouvernance et de planification strat\u00e9gique plus complexes. Son travail repose sur des principes d\u2019\u00e9quit\u00e9, d\u2019antiracisme et de responsabilit\u00e9 partag\u00e9e \u2013 des valeurs qui orientent tant les pratiques internes que les livrables externes.<\/span><\/p>\n<p><span style=\"font-weight: 400;\">Gr\u00e2ce \u00e0 une approche humaine fond\u00e9e sur la co-cr\u00e9ation, la connexion, le dialogue et l\u2019\u00e9quit\u00e9, O Strat\u00e9gies s\u2019engage \u00e0 apporter un regard neuf et des solutions concr\u00e8tes dans le paysage organisationnel d\u2019aujourd\u2019hui.<\/span><\/p>\n<p>&nbsp;<\/p>\n<\/div><a  href=\"https:\/\/ostrategies.ca\/fr\/services\/\" target=\"_blank\" class=\"btn pofo-button-1 button-style5  btn-dark-gray btn-rounded  btn-small   vc_custom_1763386687375\" ><i class=\"icon-very-small  margin-5px-right no-margin-left\" aria-hidden=\"true\"><\/i>Nos services<\/a><\/div><\/div><\/div><\/div><\/div><\/div><\/div><\/section><section data-vc-full-width=\"true\" data-vc-full-width-init=\"false\" class=\"vc_row wpb_row vc_row-fluid  vc_custom_1504010672080 wow fadeIn vc_row-has-fill pofo-stretch-content pofo-stretch-row-container\"><div class=\"wpb_column vc_column_container vc_col-sm-12  col-xs-mobile-fullwidth\"><div class=\"vc_column-inner\"><div class=\"wpb_wrapper\"><div class=\"vc_row wpb_row vc_inner vc_row-fluid  vc_custom_1746266672506\"><div class=\"wpb_column vc_column_container vc_col-sm-1 vc_col-md-3 vc_hidden-xs col-xs-mobile-fullwidth\"><div class=\"vc_column-inner\"><div class=\"wpb_wrapper\"><\/div><\/div><\/div><div class=\"wpb_column vc_column_container vc_col-sm-10 vc_col-md-6 col-xs-mobile-fullwidth text-center\"><div class=\"vc_column-inner\"><div class=\"wpb_wrapper\"><div class=\"text-medium-gray text-small margin-5px-bottom text-uppercase alt-font text-uppercase heading-style4  vc_custom_1747252965323  heading-1\"  style=\"font-size: 16px; line-height: 100%; font-weight: 400; color: #E07A5F;\" data-fontsize=\"16px\" data-lineheight=\"100%\">Nos valeurs<\/div><h5 class=\"text-extra-dark-gray margin-20px-bottom font-weight-600 display-inline-block alt-font heading-style2  vc_custom_1755723490152  heading-2\" >Anim\u00e9\u00b7es par la confiance, port\u00e9\u00b7es par l'innovation.<\/h5><\/div><\/div><\/div><div class=\"wpb_column vc_column_container vc_col-sm-1 vc_col-md-3 vc_hidden-xs col-xs-mobile-fullwidth\"><div class=\"vc_column-inner\"><div class=\"wpb_wrapper\"><\/div><\/div><\/div><\/div><div class=\"vc_row wpb_row vc_inner vc_row-fluid\"><div class=\"wpb_column vc_column_container vc_col-sm-4  col-xs-mobile-fullwidth pofo-column-responsive-69d84f6c0b45e\"><div class=\"vc_column-inner\"><div class=\"wpb_wrapper\">\n\t<div  class=\"wpb_single_image wpb_content_element vc_align_center wpb_content_element vc_custom_1746210070951\">\n\t\t\n\t\t<figure class=\"wpb_wrapper vc_figure\">\n\t\t\t<div class=\"vc_single_image-wrapper   vc_box_border_grey\"><img decoding=\"async\" src=\"https:\/\/ostrategies.ca\/wp-content\/uploads\/2025\/05\/Group-3927.svg\" class=\"vc_single_image-img attachment-full\" alt=\"\" title=\"\" \/><\/div>\n\t\t<\/figure>\n\t<\/div>\n<h4 style=\"font-size: 14px;color: #232323;line-height: 100%;text-align: center\" class=\"vc_custom_heading vc_do_custom_heading vc_custom_1759162519818\" >LEADERSHIP COURAGEUX<\/h4><p style=\"font-size: 14px;line-height: 20px;text-align: center\" class=\"vc_custom_heading vc_do_custom_heading\" >Faire preuve de vuln\u00e9rabilit\u00e9, oser faire les choses autrement, remettre en question le statu quo et faire entendre sa voix.<\/p><\/div><\/div><\/div><div class=\"wpb_column vc_column_container vc_col-sm-4  col-xs-mobile-fullwidth\"><div class=\"vc_column-inner\"><div class=\"wpb_wrapper\">\n\t<div  class=\"wpb_single_image wpb_content_element vc_align_center wpb_content_element vc_custom_1746210078966\">\n\t\t\n\t\t<figure class=\"wpb_wrapper vc_figure\">\n\t\t\t<div class=\"vc_single_image-wrapper   vc_box_border_grey\"><img decoding=\"async\" src=\"https:\/\/ostrategies.ca\/wp-content\/uploads\/2025\/05\/Group-3928.svg\" class=\"vc_single_image-img attachment-full\" alt=\"\" title=\"\" \/><\/div>\n\t\t<\/figure>\n\t<\/div>\n<h4 style=\"font-size: 14px;color: #232323;line-height: 100%;text-align: center\" class=\"vc_custom_heading vc_do_custom_heading vc_custom_1759162554003\" >\u00c9QUIT\u00c9<\/h4><p style=\"font-size: 14px;line-height: 20px;text-align: center\" class=\"vc_custom_heading vc_do_custom_heading\" >Cr\u00e9er des espaces plus s\u00e9curitaires, ouvrir de meilleures opportunit\u00e9s et mettre en pratique des approches circulaires et holistiques.<\/p><\/div><\/div><\/div><div class=\"wpb_column vc_column_container vc_col-sm-4  col-xs-mobile-fullwidth\"><div class=\"vc_column-inner\"><div class=\"wpb_wrapper\">\n\t<div  class=\"wpb_single_image wpb_content_element vc_align_center wpb_content_element vc_custom_1746210087024\">\n\t\t\n\t\t<figure class=\"wpb_wrapper vc_figure\">\n\t\t\t<div class=\"vc_single_image-wrapper   vc_box_border_grey\"><img decoding=\"async\" src=\"https:\/\/ostrategies.ca\/wp-content\/uploads\/2025\/05\/Group-3929.svg\" class=\"vc_single_image-img attachment-full\" alt=\"\" title=\"\" \/><\/div>\n\t\t<\/figure>\n\t<\/div>\n<h4 style=\"font-size: 14px;color: #232323;line-height: 100%;text-align: center\" class=\"vc_custom_heading vc_do_custom_heading vc_custom_1759162566590\" >AUTHENTICIT\u00c9<\/h4><p style=\"font-size: 14px;line-height: 20px;text-align: center\" class=\"vc_custom_heading vc_do_custom_heading\" >\u00catre soi-m\u00eame en tout temps, faire preuve d\u2019empathie et se dire les vraies choses avec respect.<\/p><\/div><\/div><\/div><\/div><\/div><\/div><\/div><\/section><div class=\"vc_row-full-width vc_clearfix\"><\/div><section data-vc-full-width=\"true\" data-vc-full-width-init=\"false\" class=\"vc_row wpb_row vc_row-fluid  vc_custom_1755800915046 pofo-stretch-content pofo-stretch-row-container pofo-row-responsive-69d84f6c0b9dc\"><div class=\"wpb_column vc_column_container vc_col-sm-12  col-xs-mobile-fullwidth\"><div class=\"vc_column-inner\"><div class=\"wpb_wrapper\"><div class=\"vc_row wpb_row vc_inner vc_row-fluid\"><div class=\"wpb_column vc_column_container vc_col-sm-3 vc_col-lg-3 vc_col-md-3 vc_hidden-xs col-xs-mobile-fullwidth\"><div class=\"vc_column-inner\"><div class=\"wpb_wrapper\"><\/div><\/div><\/div><div class=\"wpb_column vc_column_container vc_col-sm-6 vc_col-lg-6 vc_col-md-6 vc_col-xs-12 text-center pofo-column-responsive-69d84f6c0baa5\"><div class=\"vc_column-inner vc_custom_1755709486893\"><div class=\"wpb_wrapper\"><h6 class=\"text-medium-gray text-small margin-5px-bottom text-uppercase alt-font text-uppercase heading-style4  vc_custom_1755802968087  heading-3\"  style=\"font-size: 16px; color: #E07A5F;\" data-fontsize=\"16px\"><\/h6><h5 class=\"text-extra-dark-gray margin-20px-bottom font-weight-600 display-inline-block alt-font heading-style2  vc_custom_1755802959591  heading-4\" >Rencontrez notre \u00e9quipe<\/h5><\/div><\/div><\/div><div class=\"wpb_column vc_column_container vc_col-sm-3 vc_col-lg-3 vc_col-md-3 vc_hidden-xs col-xs-mobile-fullwidth\"><div class=\"vc_column-inner\"><div class=\"wpb_wrapper\"><\/div><\/div><\/div><\/div><div class=\"vc_row wpb_row vc_inner vc_row-fluid clear-both\"><div class=\"wpb_column vc_column_container vc_col-sm-4  col-xs-mobile-fullwidth xs-text-center\"><div class=\"vc_column-inner  no-column-padding\"><div class=\"wpb_wrapper\"><div class=\"service-box featurebox35 pofo-featurebox featurebox35-1\" ><div class=\"margin-ten-bottom overflow-hidden image-hover-style-1 sm-margin-20px-bottom\"><img loading=\"lazy\" decoding=\"async\" src=\"https:\/\/ostrategies.ca\/wp-content\/uploads\/2025\/08\/Myriane_website-photo.png\" width=\"800\" height=\"800\"  alt=\"\" srcset=\"https:\/\/ostrategies.ca\/wp-content\/uploads\/2025\/08\/Myriane_website-photo.png 800w, https:\/\/ostrategies.ca\/wp-content\/uploads\/2025\/08\/Myriane_website-photo-300x300.png 300w, https:\/\/ostrategies.ca\/wp-content\/uploads\/2025\/08\/Myriane_website-photo-150x150.png 150w, https:\/\/ostrategies.ca\/wp-content\/uploads\/2025\/08\/Myriane_website-photo-768x768.png 768w, https:\/\/ostrategies.ca\/wp-content\/uploads\/2025\/08\/Myriane_website-photo-12x12.png 12w, https:\/\/ostrategies.ca\/wp-content\/uploads\/2025\/08\/Myriane_website-photo-771x771.png 771w, https:\/\/ostrategies.ca\/wp-content\/uploads\/2025\/08\/Myriane_website-photo-120x120.png 120w, https:\/\/ostrategies.ca\/wp-content\/uploads\/2025\/08\/Myriane_website-photo-81x81.png 81w\" sizes=\"auto, (max-width: 800px) 100vw, 800px\" class=\"icon-image\"\/><\/div><div><div style=\"display: flex; flex-wrap: wrap; flex-direction: column; gap: 0px; justify-content: center;\">\n<p style=\"text-align: center; color: #6f6f6f; margin: 0px;\"><strong>Propri\u00e9taire<\/strong><\/p>\n<h3 style=\"font-size: 20px; text-align: center; margin: 2px;\"><b>Myriane Ouellette<\/b><\/h3>\n<\/div>\n<\/div><div class=\"separator-line-horrizontal-medium-light2 bg-extra-light-gray margin-20px-bottom xs-margin-15px-bottom width-100\" style=\"background:#E1E1E1; height:1px; \"><\/div><a class=\"pofo-info-link alt-font text-extra-dark-gray font-weight-600 text-extra-small section-link\" href=\"https:\/\/zwm.xqj.mybluehost.me\/myriane-ouellette\/\">Voir le profil<i class=\"fa-solid fa-long-arrow-alt-right margin-5px-left text-deep-pink text-medium position-relative top-2\" aria-hidden=\"true\"><\/i><\/a><\/div><\/div><\/div><\/div><div class=\"wpb_column vc_column_container vc_col-sm-4  col-xs-mobile-fullwidth\"><div class=\"vc_column-inner\"><div class=\"wpb_wrapper\"><div class=\"service-box featurebox35 pofo-featurebox featurebox35-2\" ><div class=\"margin-ten-bottom overflow-hidden image-hover-style-1 sm-margin-20px-bottom\"><img loading=\"lazy\" decoding=\"async\" src=\"https:\/\/ostrategies.ca\/wp-content\/uploads\/2025\/08\/Dominique-Gaudet-upated.webp\" width=\"1428\" height=\"1545\"  alt=\"\" srcset=\"https:\/\/ostrategies.ca\/wp-content\/uploads\/2025\/08\/Dominique-Gaudet-upated.webp 1428w, https:\/\/ostrategies.ca\/wp-content\/uploads\/2025\/08\/Dominique-Gaudet-upated-277x300.webp 277w, https:\/\/ostrategies.ca\/wp-content\/uploads\/2025\/08\/Dominique-Gaudet-upated-946x1024.webp 946w, https:\/\/ostrategies.ca\/wp-content\/uploads\/2025\/08\/Dominique-Gaudet-upated-768x831.webp 768w, https:\/\/ostrategies.ca\/wp-content\/uploads\/2025\/08\/Dominique-Gaudet-upated-1420x1536.webp 1420w, https:\/\/ostrategies.ca\/wp-content\/uploads\/2025\/08\/Dominique-Gaudet-upated-11x12.webp 11w, https:\/\/ostrategies.ca\/wp-content\/uploads\/2025\/08\/Dominique-Gaudet-upated-713x771.webp 713w, https:\/\/ostrategies.ca\/wp-content\/uploads\/2025\/08\/Dominique-Gaudet-upated-120x130.webp 120w, https:\/\/ostrategies.ca\/wp-content\/uploads\/2025\/08\/Dominique-Gaudet-upated-81x88.webp 81w\" sizes=\"auto, (max-width: 1428px) 100vw, 1428px\" class=\"icon-image\"\/><\/div><div><div style=\"display: flex; flex-wrap: wrap; flex-direction: column; gap: 0px; justify-content: center;\">\n<p style=\"text-align: center; color: #6f6f6f; margin: 0px;\"><strong>Co-cr\u00e9atrice<\/strong><\/p>\n<h3 style=\"font-size: 20px; text-align: center; margin: 3px;\"><b>Dominique Gaudet<br \/>\n<\/b><\/h3>\n<\/div>\n<\/div><div class=\"separator-line-horrizontal-medium-light2 bg-extra-light-gray margin-20px-bottom xs-margin-15px-bottom width-100\" style=\"background:#E1E1E1; height:1px; \"><\/div><a class=\"pofo-info-link alt-font text-extra-dark-gray font-weight-600 text-extra-small section-link\" href=\"https:\/\/zwm.xqj.mybluehost.me\/dominique-gaudet\/\">Voir le profil<i class=\"fa-solid fa-long-arrow-alt-right margin-5px-left text-deep-pink text-medium position-relative top-2\" aria-hidden=\"true\"><\/i><\/a><\/div><\/div><\/div><\/div><div class=\"wpb_column vc_column_container vc_col-sm-4  col-xs-mobile-fullwidth\"><div class=\"vc_column-inner\"><div class=\"wpb_wrapper\"><div class=\"service-box featurebox35 pofo-featurebox featurebox35-3\" ><div class=\"margin-ten-bottom overflow-hidden image-hover-style-1 sm-margin-20px-bottom\"><img loading=\"lazy\" decoding=\"async\" src=\"https:\/\/ostrategies.ca\/wp-content\/uploads\/2025\/08\/Kim-Kearns-updated.webp\" width=\"1428\" height=\"1547\"  alt=\"\" srcset=\"https:\/\/ostrategies.ca\/wp-content\/uploads\/2025\/08\/Kim-Kearns-updated.webp 1428w, https:\/\/ostrategies.ca\/wp-content\/uploads\/2025\/08\/Kim-Kearns-updated-277x300.webp 277w, https:\/\/ostrategies.ca\/wp-content\/uploads\/2025\/08\/Kim-Kearns-updated-945x1024.webp 945w, https:\/\/ostrategies.ca\/wp-content\/uploads\/2025\/08\/Kim-Kearns-updated-768x832.webp 768w, https:\/\/ostrategies.ca\/wp-content\/uploads\/2025\/08\/Kim-Kearns-updated-1418x1536.webp 1418w, https:\/\/ostrategies.ca\/wp-content\/uploads\/2025\/08\/Kim-Kearns-updated-11x12.webp 11w, https:\/\/ostrategies.ca\/wp-content\/uploads\/2025\/08\/Kim-Kearns-updated-712x771.webp 712w, https:\/\/ostrategies.ca\/wp-content\/uploads\/2025\/08\/Kim-Kearns-updated-120x130.webp 120w, https:\/\/ostrategies.ca\/wp-content\/uploads\/2025\/08\/Kim-Kearns-updated-81x88.webp 81w\" sizes=\"auto, (max-width: 1428px) 100vw, 1428px\" class=\"icon-image\"\/><\/div><div><div style=\"display: flex; flex-wrap: wrap; flex-direction: column; gap: 0px; justify-content: center;\">\n<p style=\"text-align: center; color: #6f6f6f; margin: 0px;\"><strong>Co-cr\u00e9atrice <\/strong><\/p>\n<h3 style=\"font-size: 20px; text-align: center; margin: 3px;\"><b>Kim Kearns<br \/>\n<\/b><\/h3>\n<\/div>\n<\/div><div class=\"separator-line-horrizontal-medium-light2 bg-extra-light-gray margin-20px-bottom xs-margin-15px-bottom width-100\" style=\"background:#E1E1E1; height:1px; \"><\/div><a class=\"pofo-info-link alt-font text-extra-dark-gray font-weight-600 text-extra-small section-link\" href=\"https:\/\/zwm.xqj.mybluehost.me\/kim-kearns\/\">Voir le profil<i class=\"fa-solid fa-long-arrow-alt-right margin-5px-left text-deep-pink text-medium position-relative top-2\" aria-hidden=\"true\"><\/i><\/a><\/div><\/div><\/div><\/div><\/div><\/div><\/div><\/div><\/section><div class=\"vc_row-full-width vc_clearfix\"><\/div>\n<\/div>","protected":false},"excerpt":{"rendered":"O Strategies is a bilingual 2SLGBTQIA+ and Women owned consulting firm based in Moncton, New Brunswick. Founded in 2019 by Myriane Ouellette, the firm works across Canada, especially in Atlantic provinces, to support organizations, public institutions, and community groups in building resilient teams, leading through change, and creating impact. O Strategies is known for bridging grassroots realities with complex governance and strategic systems. Its work is rooted in equity, anti-racism, and shared accountability - principles that shape both internal practices and external deliverables. With a human-centered lens and actions based on co-creation, connection, dialogue and equity, O Strategies is committed to bringing a fresh perspective and approach in today\u2019s complex organizational landscape. &nbsp; Our ServicesOur ValuesDriven by Trust, Powered by Innovation. COURAGEOUS LEADERSHIPBeing vulnerable, daring to do things differently, pushing the status quo and making noise. EQUITYOpening safer spaces, creating better opportunities, practicing circle and holistic techniques. AUTHENTICITYBe ourselves at all times, practice empathy and tell each other the hard truth.Meet the team Owner Myriane Ouellette View Profile CO-CREATOR Dominique Gaudet View Profile CO-CREATOR Kim Kearns View Profile","protected":false},"author":1,"featured_media":0,"parent":0,"menu_order":0,"comment_status":"closed","ping_status":"closed","template":"","meta":{"nf_dc_page":"","footnotes":""},"class_list":["post-5554","page","type-page","status-publish","hentry"],"yoast_head":"<!-- This site is optimized with the Yoast SEO plugin v27.3 - https:\/\/yoast.com\/product\/yoast-seo-wordpress\/ -->\n<title>About Us | O Strategies<\/title>\n<meta name=\"robots\" content=\"index, follow, max-snippet:-1, max-image-preview:large, max-video-preview:-1\" \/>\n<link rel=\"canonical\" href=\"https:\/\/ostrategies.ca\/fr\/about-us\/\" \/>\n<meta property=\"og:locale\" content=\"fr_FR\" \/>\n<meta property=\"og:type\" content=\"article\" \/>\n<meta property=\"og:title\" content=\"About Us | O Strategies\" \/>\n<meta property=\"og:url\" content=\"https:\/\/ostrategies.ca\/fr\/about-us\/\" \/>\n<meta property=\"og:site_name\" content=\"O Strategies\" \/>\n<meta property=\"article:publisher\" content=\"https:\/\/www.facebook.com\/OStrategies\" \/>\n<meta property=\"article:modified_time\" content=\"2025-11-17T13:38:10+00:00\" \/>\n<meta property=\"og:image\" content=\"https:\/\/ostrategies.ca\/wp-content\/uploads\/2025\/08\/O-Strategie-May24-80-scaled.webp\" \/>\n\t<meta property=\"og:image:width\" content=\"2560\" \/>\n\t<meta property=\"og:image:height\" content=\"1707\" \/>\n\t<meta property=\"og:image:type\" content=\"image\/webp\" \/>\n<meta name=\"twitter:card\" content=\"summary_large_image\" \/>\n<meta name=\"twitter:label1\" content=\"Dur\u00e9e de lecture estim\u00e9e\" \/>\n\t<meta name=\"twitter:data1\" content=\"7 minutes\" \/>\n<script type=\"application\/ld+json\" class=\"yoast-schema-graph\">{\"@context\":\"https:\\\/\\\/schema.org\",\"@graph\":[{\"@type\":\"WebPage\",\"@id\":\"https:\\\/\\\/ostrategies.ca\\\/about-us\\\/\",\"url\":\"https:\\\/\\\/ostrategies.ca\\\/about-us\\\/\",\"name\":\"About Us | O Strategies\",\"isPartOf\":{\"@id\":\"https:\\\/\\\/ostrategies.ca\\\/#website\"},\"datePublished\":\"2017-08-08T10:06:23+00:00\",\"dateModified\":\"2025-11-17T13:38:10+00:00\",\"breadcrumb\":{\"@id\":\"https:\\\/\\\/ostrategies.ca\\\/about-us\\\/#breadcrumb\"},\"inLanguage\":\"fr-FR\",\"potentialAction\":[{\"@type\":\"ReadAction\",\"target\":[\"https:\\\/\\\/ostrategies.ca\\\/about-us\\\/\"]}]},{\"@type\":\"BreadcrumbList\",\"@id\":\"https:\\\/\\\/ostrategies.ca\\\/about-us\\\/#breadcrumb\",\"itemListElement\":[{\"@type\":\"ListItem\",\"position\":1,\"name\":\"Home\",\"item\":\"https:\\\/\\\/ostrategies.ca\\\/\"},{\"@type\":\"ListItem\",\"position\":2,\"name\":\"About Us\"}]},{\"@type\":\"WebSite\",\"@id\":\"https:\\\/\\\/ostrategies.ca\\\/#website\",\"url\":\"https:\\\/\\\/ostrategies.ca\\\/\",\"name\":\"O Strategies\",\"description\":\"Strategy and organizational development for impact-driven organizations\",\"publisher\":{\"@id\":\"https:\\\/\\\/ostrategies.ca\\\/#organization\"},\"potentialAction\":[{\"@type\":\"SearchAction\",\"target\":{\"@type\":\"EntryPoint\",\"urlTemplate\":\"https:\\\/\\\/ostrategies.ca\\\/?s={search_term_string}\"},\"query-input\":{\"@type\":\"PropertyValueSpecification\",\"valueRequired\":true,\"valueName\":\"search_term_string\"}}],\"inLanguage\":\"fr-FR\"},{\"@type\":\"Organization\",\"@id\":\"https:\\\/\\\/ostrategies.ca\\\/#organization\",\"name\":\"O Strategies\",\"url\":\"https:\\\/\\\/ostrategies.ca\\\/\",\"logo\":{\"@type\":\"ImageObject\",\"inLanguage\":\"fr-FR\",\"@id\":\"https:\\\/\\\/ostrategies.ca\\\/#\\\/schema\\\/logo\\\/image\\\/\",\"url\":\"https:\\\/\\\/ostrategies.ca\\\/wp-content\\\/uploads\\\/2026\\\/04\\\/O-Strategies-jaune-transparent.webp\",\"contentUrl\":\"https:\\\/\\\/ostrategies.ca\\\/wp-content\\\/uploads\\\/2026\\\/04\\\/O-Strategies-jaune-transparent.webp\",\"width\":1801,\"height\":390,\"caption\":\"O Strategies\"},\"image\":{\"@id\":\"https:\\\/\\\/ostrategies.ca\\\/#\\\/schema\\\/logo\\\/image\\\/\"},\"sameAs\":[\"https:\\\/\\\/www.facebook.com\\\/OStrategies\",\"https:\\\/\\\/www.instagram.com\\\/ostrategies\\\/\",\"https:\\\/\\\/www.linkedin.com\\\/company\\\/ostrategies\\\/posts\\\/?feedView=all\"]}]}<\/script>\n<!-- \/ Yoast SEO plugin. -->","yoast_head_json":{"title":"About Us | O Strategies","robots":{"index":"index","follow":"follow","max-snippet":"max-snippet:-1","max-image-preview":"max-image-preview:large","max-video-preview":"max-video-preview:-1"},"canonical":"https:\/\/ostrategies.ca\/fr\/about-us\/","og_locale":"fr_FR","og_type":"article","og_title":"About Us | O Strategies","og_url":"https:\/\/ostrategies.ca\/fr\/about-us\/","og_site_name":"O Strategies","article_publisher":"https:\/\/www.facebook.com\/OStrategies","article_modified_time":"2025-11-17T13:38:10+00:00","og_image":[{"width":2560,"height":1707,"url":"https:\/\/ostrategies.ca\/wp-content\/uploads\/2025\/08\/O-Strategie-May24-80-scaled.webp","type":"image\/webp"}],"twitter_card":"summary_large_image","twitter_misc":{"Dur\u00e9e de lecture estim\u00e9e":"7 minutes"},"schema":{"@context":"https:\/\/schema.org","@graph":[{"@type":"WebPage","@id":"https:\/\/ostrategies.ca\/about-us\/","url":"https:\/\/ostrategies.ca\/about-us\/","name":"About Us | O Strategies","isPartOf":{"@id":"https:\/\/ostrategies.ca\/#website"},"datePublished":"2017-08-08T10:06:23+00:00","dateModified":"2025-11-17T13:38:10+00:00","breadcrumb":{"@id":"https:\/\/ostrategies.ca\/about-us\/#breadcrumb"},"inLanguage":"fr-FR","potentialAction":[{"@type":"ReadAction","target":["https:\/\/ostrategies.ca\/about-us\/"]}]},{"@type":"BreadcrumbList","@id":"https:\/\/ostrategies.ca\/about-us\/#breadcrumb","itemListElement":[{"@type":"ListItem","position":1,"name":"Home","item":"https:\/\/ostrategies.ca\/"},{"@type":"ListItem","position":2,"name":"About Us"}]},{"@type":"WebSite","@id":"https:\/\/ostrategies.ca\/#website","url":"https:\/\/ostrategies.ca\/","name":"O Strategies","description":"Strategy and organizational development for impact-driven organizations","publisher":{"@id":"https:\/\/ostrategies.ca\/#organization"},"potentialAction":[{"@type":"SearchAction","target":{"@type":"EntryPoint","urlTemplate":"https:\/\/ostrategies.ca\/?s={search_term_string}"},"query-input":{"@type":"PropertyValueSpecification","valueRequired":true,"valueName":"search_term_string"}}],"inLanguage":"fr-FR"},{"@type":"Organization","@id":"https:\/\/ostrategies.ca\/#organization","name":"O Strategies","url":"https:\/\/ostrategies.ca\/","logo":{"@type":"ImageObject","inLanguage":"fr-FR","@id":"https:\/\/ostrategies.ca\/#\/schema\/logo\/image\/","url":"https:\/\/ostrategies.ca\/wp-content\/uploads\/2026\/04\/O-Strategies-jaune-transparent.webp","contentUrl":"https:\/\/ostrategies.ca\/wp-content\/uploads\/2026\/04\/O-Strategies-jaune-transparent.webp","width":1801,"height":390,"caption":"O Strategies"},"image":{"@id":"https:\/\/ostrategies.ca\/#\/schema\/logo\/image\/"},"sameAs":["https:\/\/www.facebook.com\/OStrategies","https:\/\/www.instagram.com\/ostrategies\/","https:\/\/www.linkedin.com\/company\/ostrategies\/posts\/?feedView=all"]}]}},"_links":{"self":[{"href":"https:\/\/ostrategies.ca\/fr\/wp-json\/wp\/v2\/pages\/5554","targetHints":{"allow":["GET"]}}],"collection":[{"href":"https:\/\/ostrategies.ca\/fr\/wp-json\/wp\/v2\/pages"}],"about":[{"href":"https:\/\/ostrategies.ca\/fr\/wp-json\/wp\/v2\/types\/page"}],"author":[{"embeddable":true,"href":"https:\/\/ostrategies.ca\/fr\/wp-json\/wp\/v2\/users\/1"}],"replies":[{"embeddable":true,"href":"https:\/\/ostrategies.ca\/fr\/wp-json\/wp\/v2\/comments?post=5554"}],"version-history":[{"count":21,"href":"https:\/\/ostrategies.ca\/fr\/wp-json\/wp\/v2\/pages\/5554\/revisions"}],"predecessor-version":[{"id":23670,"href":"https:\/\/ostrategies.ca\/fr\/wp-json\/wp\/v2\/pages\/5554\/revisions\/23670"}],"wp:attachment":[{"href":"https:\/\/ostrategies.ca\/fr\/wp-json\/wp\/v2\/media?parent=5554"}],"curies":[{"name":"wp","href":"https:\/\/api.w.org\/{rel}","templated":true}]}}